{"id":2084,"date":"2024-02-04T23:30:53","date_gmt":"2024-02-04T23:30:53","guid":{"rendered":"https:\/\/maitegonzalez.net\/?post_type=product&#038;p=2084"},"modified":"2024-02-06T16:36:37","modified_gmt":"2024-02-06T16:36:37","slug":"cn-base-multivitaminico-lcn-60-capsulas-vegetales-de-858mg","status":"publish","type":"product","link":"https:\/\/maitegonzalez.net\/index.php\/producto\/cn-base-multivitaminico-lcn-60-capsulas-vegetales-de-858mg\/","title":{"rendered":"CN Base multivitam\u00ednico LCN-60 c\u00e1psulas vegetales de 858mg"},"content":{"rendered":"<p>CN Base de\u00a0LCN es\u00a0un\u00a0complemento alimenticio\u00a0que contiene las\u00a0vitaminas\u00a0y los\u00a0minerales\u00a0en sus\u00a0formas m\u00e1s activas\u00a0y\u00a0biodisponibles, junto con\u00a0coenzima Q10\u00a0y\u00a0\u00e1cido R-lipoico.<\/p>\n<p>Las formas de nutrientes de\u00a0CN Base de LCN,\u00a0junto a la cantidad adecuada de cada una de ellas, contribuyen al\u00a0bienestar general\u00a0del organismo.<\/p>\n","protected":false},"excerpt":{"rendered":"<p>CN Base de\u00a0LCN es\u00a0un\u00a0complemento alimenticio\u00a0que contiene las\u00a0vitaminas\u00a0y los\u00a0minerales\u00a0en sus\u00a0formas m\u00e1s activas\u00a0y\u00a0biodisponibles, junto con\u00a0coenzima Q10\u00a0y\u00a0\u00e1cido R-lipoico.<\/p>\n<p>Las formas de nutrientes de\u00a0CN Base de LCN,\u00a0junto a la cantidad adecuada de cada una de ellas, contribuyen al\u00a0bienestar general\u00a0del organismo.<\/p>\n<p>\u00bfPor qu\u00e9 tomar CN Base de LCN?<\/p>\n<p>Los\u00a0micronutrientes\u00a0que contiene\u00a0CN Base\u00a0contribuyen y ayudan a:<\/p>\n<ul>\n<li>Disminuir el cansancio y la fatiga.<\/li>\n<li>El funcionamiento normal del sistema inmunitario.<\/li>\n<li>Mantener los niveles normales de az\u00facar en sangre.<\/li>\n<li>El funcionamiento normal del coraz\u00f3n.<\/li>\n<li>El funcionamiento normal del sistema nervioso.<\/li>\n<li>Mantener las mucosas respiratorias y digestivas en condiciones normales.<\/li>\n<li>La formaci\u00f3n normal del col\u00e1geno para el funcionamiento normal de huesos, cart\u00edlagos, ligamentos, vasos sangu\u00edneos, piel; y el funcionamiento normal de los m\u00fasculos.<\/li>\n<li>Mantener la visi\u00f3n en condiciones normales.<\/li>\n<li>Mantener el cabello y u\u00f1as en condiciones normales.<\/li>\n<li>Proteger las c\u00e9lulas frente al da\u00f1o oxidativo.<\/li>\n<\/ul>\n<p>\u00bfC\u00f3mo tomar CN Base de LCN?<\/p>\n<p>Tomar de 1 a 3 c\u00e1psulas al d\u00eda durante las comidas, o la dosis indicada por un profesional.<\/p>\n","protected":false},"featured_media":2085,"comment_status":"open","ping_status":"closed","template":"","meta":[],"product_cat":[66],"product_tag":[],"yoast_head":"<!-- This site is optimized with the Yoast SEO plugin v23.5 - https:\/\/yoast.com\/wordpress\/plugins\/seo\/ -->\n<title>CN Base multivitam\u00ednico LCN-60 c\u00e1psulas vegetales de 858mg - Maite Gonzalez<\/title>\n<meta name=\"robots\" content=\"index, follow, max-snippet:-1, max-image-preview:large, max-video-preview:-1\" \/>\n<link rel=\"canonical\" href=\"https:\/\/maitegonzalez.net\/index.php\/producto\/cn-base-multivitaminico-lcn-60-capsulas-vegetales-de-858mg\/\" \/>\n<meta property=\"og:locale\" content=\"es_ES\" \/>\n<meta property=\"og:type\" content=\"article\" \/>\n<meta property=\"og:title\" content=\"CN Base multivitam\u00ednico LCN-60 c\u00e1psulas vegetales de 858mg - Maite Gonzalez\" \/>\n<meta property=\"og:description\" content=\"CN Base de\u00a0LCN es\u00a0un\u00a0complemento alimenticio\u00a0que contiene las\u00a0vitaminas\u00a0y los\u00a0minerales\u00a0en sus\u00a0formas m\u00e1s activas\u00a0y\u00a0biodisponibles, junto con\u00a0coenzima Q10\u00a0y\u00a0\u00e1cido R-lipoico.  Las formas de nutrientes de\u00a0CN Base de LCN,\u00a0junto a la cantidad adecuada de cada una de ellas, contribuyen al\u00a0bienestar general\u00a0del organismo.  \u00bfPor qu\u00e9 tomar CN Base de LCN?  Los\u00a0micronutrientes\u00a0que contiene\u00a0CN Base\u00a0contribuyen y ayudan a:   Disminuir el cansancio y la fatiga.  El funcionamiento normal del sistema inmunitario.  Mantener los niveles normales de az\u00facar en sangre.  El funcionamiento normal del coraz\u00f3n.  El funcionamiento normal del sistema nervioso.  Mantener las mucosas respiratorias y digestivas en condiciones normales.  La formaci\u00f3n normal del col\u00e1geno para el funcionamiento normal de huesos, cart\u00edlagos, ligamentos, vasos sangu\u00edneos, piel; y el funcionamiento normal de los m\u00fasculos.  Mantener la visi\u00f3n en condiciones normales.  Mantener el cabello y u\u00f1as en condiciones normales.  Proteger las c\u00e9lulas frente al da\u00f1o oxidativo.  \u00bfC\u00f3mo tomar CN Base de LCN?  Tomar de 1 a 3 c\u00e1psulas al d\u00eda durante las comidas, o la dosis indicada por un profesional.\" \/>\n<meta property=\"og:url\" content=\"https:\/\/maitegonzalez.net\/index.php\/producto\/cn-base-multivitaminico-lcn-60-capsulas-vegetales-de-858mg\/\" \/>\n<meta property=\"og:site_name\" content=\"Maite Gonzalez\" \/>\n<meta property=\"article:modified_time\" content=\"2024-02-06T16:36:37+00:00\" \/>\n<meta property=\"og:image\" content=\"https:\/\/maitegonzalez.net\/wp-content\/uploads\/2024\/02\/CN-BASE-LCN.jpg\" \/>\n\t<meta property=\"og:image:width\" content=\"500\" \/>\n\t<meta property=\"og:image:height\" content=\"500\" \/>\n\t<meta property=\"og:image:type\" content=\"image\/jpeg\" \/>\n<meta name=\"twitter:card\" content=\"summary_large_image\" \/>\n<meta name=\"twitter:label1\" content=\"Tiempo de lectura\" \/>\n\t<meta name=\"twitter:data1\" content=\"1 minuto\" \/>\n<script type=\"application\/ld+json\" class=\"yoast-schema-graph\">{\"@context\":\"https:\/\/schema.org\",\"@graph\":[{\"@type\":\"WebPage\",\"@id\":\"https:\/\/maitegonzalez.net\/index.php\/producto\/cn-base-multivitaminico-lcn-60-capsulas-vegetales-de-858mg\/\",\"url\":\"https:\/\/maitegonzalez.net\/index.php\/producto\/cn-base-multivitaminico-lcn-60-capsulas-vegetales-de-858mg\/\",\"name\":\"CN Base multivitam\u00ednico LCN-60 c\u00e1psulas vegetales de 858mg - Maite Gonzalez\",\"isPartOf\":{\"@id\":\"https:\/\/maitegonzalez.net\/#website\"},\"primaryImageOfPage\":{\"@id\":\"https:\/\/maitegonzalez.net\/index.php\/producto\/cn-base-multivitaminico-lcn-60-capsulas-vegetales-de-858mg\/#primaryimage\"},\"image\":{\"@id\":\"https:\/\/maitegonzalez.net\/index.php\/producto\/cn-base-multivitaminico-lcn-60-capsulas-vegetales-de-858mg\/#primaryimage\"},\"thumbnailUrl\":\"https:\/\/maitegonzalez.net\/wp-content\/uploads\/2024\/02\/CN-BASE-LCN.jpg\",\"datePublished\":\"2024-02-04T23:30:53+00:00\",\"dateModified\":\"2024-02-06T16:36:37+00:00\",\"breadcrumb\":{\"@id\":\"https:\/\/maitegonzalez.net\/index.php\/producto\/cn-base-multivitaminico-lcn-60-capsulas-vegetales-de-858mg\/#breadcrumb\"},\"inLanguage\":\"es\",\"potentialAction\":[{\"@type\":\"ReadAction\",\"target\":[\"https:\/\/maitegonzalez.net\/index.php\/producto\/cn-base-multivitaminico-lcn-60-capsulas-vegetales-de-858mg\/\"]}]},{\"@type\":\"ImageObject\",\"inLanguage\":\"es\",\"@id\":\"https:\/\/maitegonzalez.net\/index.php\/producto\/cn-base-multivitaminico-lcn-60-capsulas-vegetales-de-858mg\/#primaryimage\",\"url\":\"https:\/\/maitegonzalez.net\/wp-content\/uploads\/2024\/02\/CN-BASE-LCN.jpg\",\"contentUrl\":\"https:\/\/maitegonzalez.net\/wp-content\/uploads\/2024\/02\/CN-BASE-LCN.jpg\",\"width\":500,\"height\":500},{\"@type\":\"BreadcrumbList\",\"@id\":\"https:\/\/maitegonzalez.net\/index.php\/producto\/cn-base-multivitaminico-lcn-60-capsulas-vegetales-de-858mg\/#breadcrumb\",\"itemListElement\":[{\"@type\":\"ListItem\",\"position\":1,\"name\":\"Home\",\"item\":\"https:\/\/maitegonzalez.net\/\"},{\"@type\":\"ListItem\",\"position\":2,\"name\":\"Tienda\",\"item\":\"https:\/\/maitegonzalez.net\/index.php\/tienda\/\"},{\"@type\":\"ListItem\",\"position\":3,\"name\":\"CN Base multivitam\u00ednico LCN-60 c\u00e1psulas vegetales de 858mg\"}]},{\"@type\":\"WebSite\",\"@id\":\"https:\/\/maitegonzalez.net\/#website\",\"url\":\"https:\/\/maitegonzalez.net\/\",\"name\":\"Maite Gonzalez\",\"description\":\"Centro de osteopat\u00eda\",\"potentialAction\":[{\"@type\":\"SearchAction\",\"target\":{\"@type\":\"EntryPoint\",\"urlTemplate\":\"https:\/\/maitegonzalez.net\/?s={search_term_string}\"},\"query-input\":{\"@type\":\"PropertyValueSpecification\",\"valueRequired\":true,\"valueName\":\"search_term_string\"}}],\"inLanguage\":\"es\"}]}<\/script>\n<!-- \/ Yoast SEO plugin. -->","yoast_head_json":{"title":"CN Base multivitam\u00ednico LCN-60 c\u00e1psulas vegetales de 858mg - Maite Gonzalez","robots":{"index":"index","follow":"follow","max-snippet":"max-snippet:-1","max-image-preview":"max-image-preview:large","max-video-preview":"max-video-preview:-1"},"canonical":"https:\/\/maitegonzalez.net\/index.php\/producto\/cn-base-multivitaminico-lcn-60-capsulas-vegetales-de-858mg\/","og_locale":"es_ES","og_type":"article","og_title":"CN Base multivitam\u00ednico LCN-60 c\u00e1psulas vegetales de 858mg - Maite Gonzalez","og_description":"CN Base de\u00a0LCN es\u00a0un\u00a0complemento alimenticio\u00a0que contiene las\u00a0vitaminas\u00a0y los\u00a0minerales\u00a0en sus\u00a0formas m\u00e1s activas\u00a0y\u00a0biodisponibles, junto con\u00a0coenzima Q10\u00a0y\u00a0\u00e1cido R-lipoico.  Las formas de nutrientes de\u00a0CN Base de LCN,\u00a0junto a la cantidad adecuada de cada una de ellas, contribuyen al\u00a0bienestar general\u00a0del organismo.  \u00bfPor qu\u00e9 tomar CN Base de LCN?  Los\u00a0micronutrientes\u00a0que contiene\u00a0CN Base\u00a0contribuyen y ayudan a:   Disminuir el cansancio y la fatiga.  El funcionamiento normal del sistema inmunitario.  Mantener los niveles normales de az\u00facar en sangre.  El funcionamiento normal del coraz\u00f3n.  El funcionamiento normal del sistema nervioso.  Mantener las mucosas respiratorias y digestivas en condiciones normales.  La formaci\u00f3n normal del col\u00e1geno para el funcionamiento normal de huesos, cart\u00edlagos, ligamentos, vasos sangu\u00edneos, piel; y el funcionamiento normal de los m\u00fasculos.  Mantener la visi\u00f3n en condiciones normales.  Mantener el cabello y u\u00f1as en condiciones normales.  Proteger las c\u00e9lulas frente al da\u00f1o oxidativo.  \u00bfC\u00f3mo tomar CN Base de LCN?  Tomar de 1 a 3 c\u00e1psulas al d\u00eda durante las comidas, o la dosis indicada por un profesional.","og_url":"https:\/\/maitegonzalez.net\/index.php\/producto\/cn-base-multivitaminico-lcn-60-capsulas-vegetales-de-858mg\/","og_site_name":"Maite Gonzalez","article_modified_time":"2024-02-06T16:36:37+00:00","og_image":[{"width":500,"height":500,"url":"https:\/\/maitegonzalez.net\/wp-content\/uploads\/2024\/02\/CN-BASE-LCN.jpg","type":"image\/jpeg"}],"twitter_card":"summary_large_image","twitter_misc":{"Tiempo de lectura":"1 minuto"},"schema":{"@context":"https:\/\/schema.org","@graph":[{"@type":"WebPage","@id":"https:\/\/maitegonzalez.net\/index.php\/producto\/cn-base-multivitaminico-lcn-60-capsulas-vegetales-de-858mg\/","url":"https:\/\/maitegonzalez.net\/index.php\/producto\/cn-base-multivitaminico-lcn-60-capsulas-vegetales-de-858mg\/","name":"CN Base multivitam\u00ednico LCN-60 c\u00e1psulas vegetales de 858mg - Maite Gonzalez","isPartOf":{"@id":"https:\/\/maitegonzalez.net\/#website"},"primaryImageOfPage":{"@id":"https:\/\/maitegonzalez.net\/index.php\/producto\/cn-base-multivitaminico-lcn-60-capsulas-vegetales-de-858mg\/#primaryimage"},"image":{"@id":"https:\/\/maitegonzalez.net\/index.php\/producto\/cn-base-multivitaminico-lcn-60-capsulas-vegetales-de-858mg\/#primaryimage"},"thumbnailUrl":"https:\/\/maitegonzalez.net\/wp-content\/uploads\/2024\/02\/CN-BASE-LCN.jpg","datePublished":"2024-02-04T23:30:53+00:00","dateModified":"2024-02-06T16:36:37+00:00","breadcrumb":{"@id":"https:\/\/maitegonzalez.net\/index.php\/producto\/cn-base-multivitaminico-lcn-60-capsulas-vegetales-de-858mg\/#breadcrumb"},"inLanguage":"es","potentialAction":[{"@type":"ReadAction","target":["https:\/\/maitegonzalez.net\/index.php\/producto\/cn-base-multivitaminico-lcn-60-capsulas-vegetales-de-858mg\/"]}]},{"@type":"ImageObject","inLanguage":"es","@id":"https:\/\/maitegonzalez.net\/index.php\/producto\/cn-base-multivitaminico-lcn-60-capsulas-vegetales-de-858mg\/#primaryimage","url":"https:\/\/maitegonzalez.net\/wp-content\/uploads\/2024\/02\/CN-BASE-LCN.jpg","contentUrl":"https:\/\/maitegonzalez.net\/wp-content\/uploads\/2024\/02\/CN-BASE-LCN.jpg","width":500,"height":500},{"@type":"BreadcrumbList","@id":"https:\/\/maitegonzalez.net\/index.php\/producto\/cn-base-multivitaminico-lcn-60-capsulas-vegetales-de-858mg\/#breadcrumb","itemListElement":[{"@type":"ListItem","position":1,"name":"Home","item":"https:\/\/maitegonzalez.net\/"},{"@type":"ListItem","position":2,"name":"Tienda","item":"https:\/\/maitegonzalez.net\/index.php\/tienda\/"},{"@type":"ListItem","position":3,"name":"CN Base multivitam\u00ednico LCN-60 c\u00e1psulas vegetales de 858mg"}]},{"@type":"WebSite","@id":"https:\/\/maitegonzalez.net\/#website","url":"https:\/\/maitegonzalez.net\/","name":"Maite Gonzalez","description":"Centro de osteopat\u00eda","potentialAction":[{"@type":"SearchAction","target":{"@type":"EntryPoint","urlTemplate":"https:\/\/maitegonzalez.net\/?s={search_term_string}"},"query-input":{"@type":"PropertyValueSpecification","valueRequired":true,"valueName":"search_term_string"}}],"inLanguage":"es"}]}},"jetpack_sharing_enabled":true,"_links":{"self":[{"href":"https:\/\/maitegonzalez.net\/index.php\/wp-json\/wp\/v2\/product\/2084"}],"collection":[{"href":"https:\/\/maitegonzalez.net\/index.php\/wp-json\/wp\/v2\/product"}],"about":[{"href":"https:\/\/maitegonzalez.net\/index.php\/wp-json\/wp\/v2\/types\/product"}],"replies":[{"embeddable":true,"href":"https:\/\/maitegonzalez.net\/index.php\/wp-json\/wp\/v2\/comments?post=2084"}],"wp:featuredmedia":[{"embeddable":true,"href":"https:\/\/maitegonzalez.net\/index.php\/wp-json\/wp\/v2\/media\/2085"}],"wp:attachment":[{"href":"https:\/\/maitegonzalez.net\/index.php\/wp-json\/wp\/v2\/media?parent=2084"}],"wp:term":[{"taxonomy":"product_cat","embeddable":true,"href":"https:\/\/maitegonzalez.net\/index.php\/wp-json\/wp\/v2\/product_cat?post=2084"},{"taxonomy":"product_tag","embeddable":true,"href":"https:\/\/maitegonzalez.net\/index.php\/wp-json\/wp\/v2\/product_tag?post=2084"}],"curies":[{"name":"wp","href":"https:\/\/api.w.org\/{rel}","templated":true}]}}