{"id":2082,"date":"2024-02-04T23:20:47","date_gmt":"2024-02-04T23:20:47","guid":{"rendered":"https:\/\/maitegonzalez.net\/?post_type=product&#038;p=2082"},"modified":"2024-02-04T23:20:52","modified_gmt":"2024-02-04T23:20:52","slug":"amino-base-lcn-30-sobres-de-9-6g-frutos-rojos","status":"publish","type":"product","link":"https:\/\/maitegonzalez.net\/index.php\/producto\/amino-base-lcn-30-sobres-de-9-6g-frutos-rojos\/","title":{"rendered":"Amino Base LCN 30 sobres de 9.6g (Frutos rojos)"},"content":{"rendered":"<p>Amino Base de LCN es un complemento que\u00a0aporta los amino\u00e1cidos de forma libre, lo que significa que se digiere mejor. Los amino\u00e1cidos se absorben unos 15 minutos despu\u00e9s de ingerirlos y llegan al h\u00edgado y otros \u00f3rganos donde se sintetizan los dem\u00e1s amino\u00e1cidos y las prote\u00ednas que necesitamos para la vida: enzimas, hormonas, anticuerpos, neurotransmisores, col\u00e1geno.<\/p>\n","protected":false},"excerpt":{"rendered":"<p>Amino Base de LCN es un complemento que\u00a0aporta los amino\u00e1cidos de forma libre, lo que significa que se digiere mejor. Los amino\u00e1cidos se absorben unos 15 minutos despu\u00e9s de ingerirlos y llegan al h\u00edgado y otros \u00f3rganos donde se sintetizan los dem\u00e1s amino\u00e1cidos y las prote\u00ednas que necesitamos para la vida: enzimas, hormonas, anticuerpos, neurotransmisores, col\u00e1geno.<\/p>\n<p>Propiedades de Amino Base de LCN<\/p>\n<p>Amino Base de LCN aporta\u00a0amino\u00e1cidos libres y puros\u00a0que no necesitan digesti\u00f3n previa y se absorben m\u00e1s f\u00e1cilmente. Amino\u00e1cidos obtenidos por fermentaci\u00f3n bacteriana, es decir, de origen natural, no sint\u00e9ticos.<\/p>\n<p>La f\u00f3rmula Amino Base de LCN contiene adem\u00e1s de los amino\u00e1cidos esenciales y semiesenciales otros\u00a0micronutrientes b\u00e1sicos y coadyuvantes proteicos\u00a0como colina, mio-inositol, los nucle\u00f3tidos citidina y uridina, vitamina C y magnesio. Amino Base de LCN es fuente de prote\u00ednas, puesto que aporta amino\u00e1cidos esenciales y semiesenciales. Las prote\u00ednas contribuyen a aumentar y conservar la masa muscular. Esta funci\u00f3n se complementa con la acci\u00f3n de otros micronutrientes como el magnesio, que contribuye a la s\u00edntesis proteica y al funcionamiento normal de los m\u00fasculos, y la vitamina C, para la formaci\u00f3n normal de col\u00e1geno, presente en la piel, cart\u00edlagos, huesos y vasos sangu\u00edneos.<\/p>\n<p>Estos dos\u00a0micronutrientes (vitamina C y magnesio)\u00a0tambi\u00e9n contribuyen al funcionamiento normal del sistema nervioso. La f\u00f3rmula se complementa con factores vitam\u00ednicos (colina y mio-inositol) y nucle\u00f3tidos (uridina y citidina).<\/p>\n<p>Beneficios de Amino Base de LCN<\/p>\n<p>Amino Base de LCN\u00a0contribuye al funcionamiento normal de los m\u00fasculos\u00a0y el sistema nervioso. Asimismo, mejora la salud de la piel, cart\u00edlagos, huesos y vasos sangu\u00edneos. Es beneficioso para quienes practican alg\u00fan tipo de deporte, como recuperador.<\/p>\n<p>Advertencias de Amino Base de LCN<\/p>\n<p>Antes de tomar Amino Base de LCN conviene tener presente lo siguiente:<\/p>\n<ul>\n<li>No se debe tomar si se presenta alergia o intolerancia a alguno de sus componentes.<\/li>\n<li>Contiene el amino\u00e1cido fenilalanina, por lo que puede tener efectos laxantes si se excede la dosis diaria recomendada.<\/li>\n<li>El envase debe permanecer fuera del alcance de los ni\u00f1os.<\/li>\n<\/ul>\n<p>\u00bfC\u00f3mo tomar Amino Base de LCN?<\/p>\n<p>Se recomienda tomar Amino Base de LCN de la siguiente forma:<\/p>\n<ul>\n<li>Adultos: 1 sobre al d\u00eda disuelto en un vaso de agua o la dosis indicada por un profesional, 20 minutos antes de las comidas.<\/li>\n<li>Ni\u00f1os mayores de 8 a\u00f1os: 1 sobre al d\u00eda disuelto en un vaso de agua o zumo, 20 minutos antes de las comidas.<\/li>\n<\/ul>\n","protected":false},"featured_media":2083,"comment_status":"open","ping_status":"closed","template":"","meta":[],"product_cat":[66],"product_tag":[],"yoast_head":"<!-- This site is optimized with the Yoast SEO plugin v23.5 - https:\/\/yoast.com\/wordpress\/plugins\/seo\/ -->\n<title>Amino Base LCN 30 sobres de 9.6g (Frutos rojos) - Maite Gonzalez<\/title>\n<meta name=\"robots\" content=\"index, follow, max-snippet:-1, max-image-preview:large, max-video-preview:-1\" \/>\n<link rel=\"canonical\" href=\"https:\/\/maitegonzalez.net\/index.php\/producto\/amino-base-lcn-30-sobres-de-9-6g-frutos-rojos\/\" \/>\n<meta property=\"og:locale\" content=\"es_ES\" \/>\n<meta property=\"og:type\" content=\"article\" \/>\n<meta property=\"og:title\" content=\"Amino Base LCN 30 sobres de 9.6g (Frutos rojos) - Maite Gonzalez\" \/>\n<meta property=\"og:description\" content=\"Amino Base de LCN es un complemento que\u00a0aporta los amino\u00e1cidos de forma libre, lo que significa que se digiere mejor. Los amino\u00e1cidos se absorben unos 15 minutos despu\u00e9s de ingerirlos y llegan al h\u00edgado y otros \u00f3rganos donde se sintetizan los dem\u00e1s amino\u00e1cidos y las prote\u00ednas que necesitamos para la vida: enzimas, hormonas, anticuerpos, neurotransmisores, col\u00e1geno.  Propiedades de Amino Base de LCN  Amino Base de LCN aporta\u00a0amino\u00e1cidos libres y puros\u00a0que no necesitan digesti\u00f3n previa y se absorben m\u00e1s f\u00e1cilmente. Amino\u00e1cidos obtenidos por fermentaci\u00f3n bacteriana, es decir, de origen natural, no sint\u00e9ticos.  La f\u00f3rmula Amino Base de LCN contiene adem\u00e1s de los amino\u00e1cidos esenciales y semiesenciales otros\u00a0micronutrientes b\u00e1sicos y coadyuvantes proteicos\u00a0como colina, mio-inositol, los nucle\u00f3tidos citidina y uridina, vitamina C y magnesio. Amino Base de LCN es fuente de prote\u00ednas, puesto que aporta amino\u00e1cidos esenciales y semiesenciales. Las prote\u00ednas contribuyen a aumentar y conservar la masa muscular. Esta funci\u00f3n se complementa con la acci\u00f3n de otros micronutrientes como el magnesio, que contribuye a la s\u00edntesis proteica y al funcionamiento normal de los m\u00fasculos, y la vitamina C, para la formaci\u00f3n normal de col\u00e1geno, presente en la piel, cart\u00edlagos, huesos y vasos sangu\u00edneos.  Estos dos\u00a0micronutrientes (vitamina C y magnesio)\u00a0tambi\u00e9n contribuyen al funcionamiento normal del sistema nervioso. La f\u00f3rmula se complementa con factores vitam\u00ednicos (colina y mio-inositol) y nucle\u00f3tidos (uridina y citidina).  Beneficios de Amino Base de LCN  Amino Base de LCN\u00a0contribuye al funcionamiento normal de los m\u00fasculos\u00a0y el sistema nervioso. Asimismo, mejora la salud de la piel, cart\u00edlagos, huesos y vasos sangu\u00edneos. Es beneficioso para quienes practican alg\u00fan tipo de deporte, como recuperador.  Advertencias de Amino Base de LCN  Antes de tomar Amino Base de LCN conviene tener presente lo siguiente:   No se debe tomar si se presenta alergia o intolerancia a alguno de sus componentes.  Contiene el amino\u00e1cido fenilalanina, por lo que puede tener efectos laxantes si se excede la dosis diaria recomendada.  El envase debe permanecer fuera del alcance de los ni\u00f1os.  \u00bfC\u00f3mo tomar Amino Base de LCN?  Se recomienda tomar Amino Base de LCN de la siguiente forma:   Adultos: 1 sobre al d\u00eda disuelto en un vaso de agua o la dosis indicada por un profesional, 20 minutos antes de las comidas.  Ni\u00f1os mayores de 8 a\u00f1os: 1 sobre al d\u00eda disuelto en un vaso de agua o zumo, 20 minutos antes de las comidas.\" \/>\n<meta property=\"og:url\" content=\"https:\/\/maitegonzalez.net\/index.php\/producto\/amino-base-lcn-30-sobres-de-9-6g-frutos-rojos\/\" \/>\n<meta property=\"og:site_name\" content=\"Maite Gonzalez\" \/>\n<meta property=\"article:modified_time\" content=\"2024-02-04T23:20:52+00:00\" \/>\n<meta property=\"og:image\" content=\"https:\/\/maitegonzalez.net\/wp-content\/uploads\/2024\/02\/ANIMO-BASE-LCN.jpg\" \/>\n\t<meta property=\"og:image:width\" content=\"500\" \/>\n\t<meta property=\"og:image:height\" content=\"500\" \/>\n\t<meta property=\"og:image:type\" content=\"image\/jpeg\" \/>\n<meta name=\"twitter:card\" content=\"summary_large_image\" \/>\n<meta name=\"twitter:label1\" content=\"Tiempo de lectura\" \/>\n\t<meta name=\"twitter:data1\" content=\"1 minuto\" \/>\n<script type=\"application\/ld+json\" class=\"yoast-schema-graph\">{\"@context\":\"https:\/\/schema.org\",\"@graph\":[{\"@type\":\"WebPage\",\"@id\":\"https:\/\/maitegonzalez.net\/index.php\/producto\/amino-base-lcn-30-sobres-de-9-6g-frutos-rojos\/\",\"url\":\"https:\/\/maitegonzalez.net\/index.php\/producto\/amino-base-lcn-30-sobres-de-9-6g-frutos-rojos\/\",\"name\":\"Amino Base LCN 30 sobres de 9.6g (Frutos rojos) - Maite Gonzalez\",\"isPartOf\":{\"@id\":\"https:\/\/maitegonzalez.net\/#website\"},\"primaryImageOfPage\":{\"@id\":\"https:\/\/maitegonzalez.net\/index.php\/producto\/amino-base-lcn-30-sobres-de-9-6g-frutos-rojos\/#primaryimage\"},\"image\":{\"@id\":\"https:\/\/maitegonzalez.net\/index.php\/producto\/amino-base-lcn-30-sobres-de-9-6g-frutos-rojos\/#primaryimage\"},\"thumbnailUrl\":\"https:\/\/maitegonzalez.net\/wp-content\/uploads\/2024\/02\/ANIMO-BASE-LCN.jpg\",\"datePublished\":\"2024-02-04T23:20:47+00:00\",\"dateModified\":\"2024-02-04T23:20:52+00:00\",\"breadcrumb\":{\"@id\":\"https:\/\/maitegonzalez.net\/index.php\/producto\/amino-base-lcn-30-sobres-de-9-6g-frutos-rojos\/#breadcrumb\"},\"inLanguage\":\"es\",\"potentialAction\":[{\"@type\":\"ReadAction\",\"target\":[\"https:\/\/maitegonzalez.net\/index.php\/producto\/amino-base-lcn-30-sobres-de-9-6g-frutos-rojos\/\"]}]},{\"@type\":\"ImageObject\",\"inLanguage\":\"es\",\"@id\":\"https:\/\/maitegonzalez.net\/index.php\/producto\/amino-base-lcn-30-sobres-de-9-6g-frutos-rojos\/#primaryimage\",\"url\":\"https:\/\/maitegonzalez.net\/wp-content\/uploads\/2024\/02\/ANIMO-BASE-LCN.jpg\",\"contentUrl\":\"https:\/\/maitegonzalez.net\/wp-content\/uploads\/2024\/02\/ANIMO-BASE-LCN.jpg\",\"width\":500,\"height\":500},{\"@type\":\"BreadcrumbList\",\"@id\":\"https:\/\/maitegonzalez.net\/index.php\/producto\/amino-base-lcn-30-sobres-de-9-6g-frutos-rojos\/#breadcrumb\",\"itemListElement\":[{\"@type\":\"ListItem\",\"position\":1,\"name\":\"Home\",\"item\":\"https:\/\/maitegonzalez.net\/\"},{\"@type\":\"ListItem\",\"position\":2,\"name\":\"Tienda\",\"item\":\"https:\/\/maitegonzalez.net\/index.php\/tienda\/\"},{\"@type\":\"ListItem\",\"position\":3,\"name\":\"Amino Base LCN 30 sobres de 9.6g (Frutos rojos)\"}]},{\"@type\":\"WebSite\",\"@id\":\"https:\/\/maitegonzalez.net\/#website\",\"url\":\"https:\/\/maitegonzalez.net\/\",\"name\":\"Maite Gonzalez\",\"description\":\"Centro de osteopat\u00eda\",\"potentialAction\":[{\"@type\":\"SearchAction\",\"target\":{\"@type\":\"EntryPoint\",\"urlTemplate\":\"https:\/\/maitegonzalez.net\/?s={search_term_string}\"},\"query-input\":{\"@type\":\"PropertyValueSpecification\",\"valueRequired\":true,\"valueName\":\"search_term_string\"}}],\"inLanguage\":\"es\"}]}<\/script>\n<!-- \/ Yoast SEO plugin. -->","yoast_head_json":{"title":"Amino Base LCN 30 sobres de 9.6g (Frutos rojos) - Maite Gonzalez","robots":{"index":"index","follow":"follow","max-snippet":"max-snippet:-1","max-image-preview":"max-image-preview:large","max-video-preview":"max-video-preview:-1"},"canonical":"https:\/\/maitegonzalez.net\/index.php\/producto\/amino-base-lcn-30-sobres-de-9-6g-frutos-rojos\/","og_locale":"es_ES","og_type":"article","og_title":"Amino Base LCN 30 sobres de 9.6g (Frutos rojos) - Maite Gonzalez","og_description":"Amino Base de LCN es un complemento que\u00a0aporta los amino\u00e1cidos de forma libre, lo que significa que se digiere mejor. Los amino\u00e1cidos se absorben unos 15 minutos despu\u00e9s de ingerirlos y llegan al h\u00edgado y otros \u00f3rganos donde se sintetizan los dem\u00e1s amino\u00e1cidos y las prote\u00ednas que necesitamos para la vida: enzimas, hormonas, anticuerpos, neurotransmisores, col\u00e1geno.  Propiedades de Amino Base de LCN  Amino Base de LCN aporta\u00a0amino\u00e1cidos libres y puros\u00a0que no necesitan digesti\u00f3n previa y se absorben m\u00e1s f\u00e1cilmente. Amino\u00e1cidos obtenidos por fermentaci\u00f3n bacteriana, es decir, de origen natural, no sint\u00e9ticos.  La f\u00f3rmula Amino Base de LCN contiene adem\u00e1s de los amino\u00e1cidos esenciales y semiesenciales otros\u00a0micronutrientes b\u00e1sicos y coadyuvantes proteicos\u00a0como colina, mio-inositol, los nucle\u00f3tidos citidina y uridina, vitamina C y magnesio. Amino Base de LCN es fuente de prote\u00ednas, puesto que aporta amino\u00e1cidos esenciales y semiesenciales. Las prote\u00ednas contribuyen a aumentar y conservar la masa muscular. Esta funci\u00f3n se complementa con la acci\u00f3n de otros micronutrientes como el magnesio, que contribuye a la s\u00edntesis proteica y al funcionamiento normal de los m\u00fasculos, y la vitamina C, para la formaci\u00f3n normal de col\u00e1geno, presente en la piel, cart\u00edlagos, huesos y vasos sangu\u00edneos.  Estos dos\u00a0micronutrientes (vitamina C y magnesio)\u00a0tambi\u00e9n contribuyen al funcionamiento normal del sistema nervioso. La f\u00f3rmula se complementa con factores vitam\u00ednicos (colina y mio-inositol) y nucle\u00f3tidos (uridina y citidina).  Beneficios de Amino Base de LCN  Amino Base de LCN\u00a0contribuye al funcionamiento normal de los m\u00fasculos\u00a0y el sistema nervioso. Asimismo, mejora la salud de la piel, cart\u00edlagos, huesos y vasos sangu\u00edneos. Es beneficioso para quienes practican alg\u00fan tipo de deporte, como recuperador.  Advertencias de Amino Base de LCN  Antes de tomar Amino Base de LCN conviene tener presente lo siguiente:   No se debe tomar si se presenta alergia o intolerancia a alguno de sus componentes.  Contiene el amino\u00e1cido fenilalanina, por lo que puede tener efectos laxantes si se excede la dosis diaria recomendada.  El envase debe permanecer fuera del alcance de los ni\u00f1os.  \u00bfC\u00f3mo tomar Amino Base de LCN?  Se recomienda tomar Amino Base de LCN de la siguiente forma:   Adultos: 1 sobre al d\u00eda disuelto en un vaso de agua o la dosis indicada por un profesional, 20 minutos antes de las comidas.  Ni\u00f1os mayores de 8 a\u00f1os: 1 sobre al d\u00eda disuelto en un vaso de agua o zumo, 20 minutos antes de las comidas.","og_url":"https:\/\/maitegonzalez.net\/index.php\/producto\/amino-base-lcn-30-sobres-de-9-6g-frutos-rojos\/","og_site_name":"Maite Gonzalez","article_modified_time":"2024-02-04T23:20:52+00:00","og_image":[{"width":500,"height":500,"url":"https:\/\/maitegonzalez.net\/wp-content\/uploads\/2024\/02\/ANIMO-BASE-LCN.jpg","type":"image\/jpeg"}],"twitter_card":"summary_large_image","twitter_misc":{"Tiempo de lectura":"1 minuto"},"schema":{"@context":"https:\/\/schema.org","@graph":[{"@type":"WebPage","@id":"https:\/\/maitegonzalez.net\/index.php\/producto\/amino-base-lcn-30-sobres-de-9-6g-frutos-rojos\/","url":"https:\/\/maitegonzalez.net\/index.php\/producto\/amino-base-lcn-30-sobres-de-9-6g-frutos-rojos\/","name":"Amino Base LCN 30 sobres de 9.6g (Frutos rojos) - Maite Gonzalez","isPartOf":{"@id":"https:\/\/maitegonzalez.net\/#website"},"primaryImageOfPage":{"@id":"https:\/\/maitegonzalez.net\/index.php\/producto\/amino-base-lcn-30-sobres-de-9-6g-frutos-rojos\/#primaryimage"},"image":{"@id":"https:\/\/maitegonzalez.net\/index.php\/producto\/amino-base-lcn-30-sobres-de-9-6g-frutos-rojos\/#primaryimage"},"thumbnailUrl":"https:\/\/maitegonzalez.net\/wp-content\/uploads\/2024\/02\/ANIMO-BASE-LCN.jpg","datePublished":"2024-02-04T23:20:47+00:00","dateModified":"2024-02-04T23:20:52+00:00","breadcrumb":{"@id":"https:\/\/maitegonzalez.net\/index.php\/producto\/amino-base-lcn-30-sobres-de-9-6g-frutos-rojos\/#breadcrumb"},"inLanguage":"es","potentialAction":[{"@type":"ReadAction","target":["https:\/\/maitegonzalez.net\/index.php\/producto\/amino-base-lcn-30-sobres-de-9-6g-frutos-rojos\/"]}]},{"@type":"ImageObject","inLanguage":"es","@id":"https:\/\/maitegonzalez.net\/index.php\/producto\/amino-base-lcn-30-sobres-de-9-6g-frutos-rojos\/#primaryimage","url":"https:\/\/maitegonzalez.net\/wp-content\/uploads\/2024\/02\/ANIMO-BASE-LCN.jpg","contentUrl":"https:\/\/maitegonzalez.net\/wp-content\/uploads\/2024\/02\/ANIMO-BASE-LCN.jpg","width":500,"height":500},{"@type":"BreadcrumbList","@id":"https:\/\/maitegonzalez.net\/index.php\/producto\/amino-base-lcn-30-sobres-de-9-6g-frutos-rojos\/#breadcrumb","itemListElement":[{"@type":"ListItem","position":1,"name":"Home","item":"https:\/\/maitegonzalez.net\/"},{"@type":"ListItem","position":2,"name":"Tienda","item":"https:\/\/maitegonzalez.net\/index.php\/tienda\/"},{"@type":"ListItem","position":3,"name":"Amino Base LCN 30 sobres de 9.6g (Frutos rojos)"}]},{"@type":"WebSite","@id":"https:\/\/maitegonzalez.net\/#website","url":"https:\/\/maitegonzalez.net\/","name":"Maite Gonzalez","description":"Centro de osteopat\u00eda","potentialAction":[{"@type":"SearchAction","target":{"@type":"EntryPoint","urlTemplate":"https:\/\/maitegonzalez.net\/?s={search_term_string}"},"query-input":{"@type":"PropertyValueSpecification","valueRequired":true,"valueName":"search_term_string"}}],"inLanguage":"es"}]}},"jetpack_sharing_enabled":true,"_links":{"self":[{"href":"https:\/\/maitegonzalez.net\/index.php\/wp-json\/wp\/v2\/product\/2082"}],"collection":[{"href":"https:\/\/maitegonzalez.net\/index.php\/wp-json\/wp\/v2\/product"}],"about":[{"href":"https:\/\/maitegonzalez.net\/index.php\/wp-json\/wp\/v2\/types\/product"}],"replies":[{"embeddable":true,"href":"https:\/\/maitegonzalez.net\/index.php\/wp-json\/wp\/v2\/comments?post=2082"}],"wp:featuredmedia":[{"embeddable":true,"href":"https:\/\/maitegonzalez.net\/index.php\/wp-json\/wp\/v2\/media\/2083"}],"wp:attachment":[{"href":"https:\/\/maitegonzalez.net\/index.php\/wp-json\/wp\/v2\/media?parent=2082"}],"wp:term":[{"taxonomy":"product_cat","embeddable":true,"href":"https:\/\/maitegonzalez.net\/index.php\/wp-json\/wp\/v2\/product_cat?post=2082"},{"taxonomy":"product_tag","embeddable":true,"href":"https:\/\/maitegonzalez.net\/index.php\/wp-json\/wp\/v2\/product_tag?post=2082"}],"curies":[{"name":"wp","href":"https:\/\/api.w.org\/{rel}","templated":true}]}}