{"id":2080,"date":"2024-02-04T23:11:57","date_gmt":"2024-02-04T23:11:57","guid":{"rendered":"https:\/\/maitegonzalez.net\/?post_type=product&#038;p=2080"},"modified":"2024-02-06T19:25:20","modified_gmt":"2024-02-06T19:25:20","slug":"omega-base-lcn-120-capsulas","status":"publish","type":"product","link":"https:\/\/maitegonzalez.net\/index.php\/producto\/omega-base-lcn-120-capsulas\/","title":{"rendered":"Omega Base LCN 60 c\u00e1psulas"},"content":{"rendered":"<p>Omega Base\u00a0es un complemento alimenticio a base de \u00e1cidos grasos\u00a0omega 3\u00a0y\u00a0omega 6. Contiene\u00a0aceite de semillas de Ahiflower\u00a0(Buglossoides arvensis L.) con m\u00e1s omegas vegetales totales biol\u00f3gicamente avanzados y activos como el \u00e1cido estearid\u00f3nico (SDA) y \u00e1cido \u01b3-linol\u00e9nico (GLA), junto con los esenciales \u00e1cido \u03b1-linol\u00e9nico (ALA) y \u00e1cido linoleico (LA). Tambi\u00e9n contiene aceite de pescado procedente de pesca sostenible y obtenido por fluidos supercr\u00edticos que aporta \u00e1cido docosahexaenoico (DHA), y tocoferoles mixtos naturales como fuente de vitamina E.<\/p>\n","protected":false},"excerpt":{"rendered":"<p>Omega Base\u00a0es un complemento alimenticio a base de \u00e1cidos grasos\u00a0omega 3\u00a0y\u00a0omega 6. Contiene\u00a0aceite de semillas de Ahiflower\u00a0(Buglossoides arvensis L.) con m\u00e1s omegas vegetales totales biol\u00f3gicamente avanzados y activos como el \u00e1cido estearid\u00f3nico (SDA) y \u00e1cido \u01b3-linol\u00e9nico (GLA), junto con los esenciales \u00e1cido \u03b1-linol\u00e9nico (ALA) y \u00e1cido linoleico (LA). Tambi\u00e9n contiene aceite de pescado procedente de pesca sostenible y obtenido por fluidos supercr\u00edticos que aporta \u00e1cido docosahexaenoico (DHA), y tocoferoles mixtos naturales como fuente de vitamina E.<\/p>\n<p>Los \u00e1cidos grasos omega 3 y omega 6 son esenciales para las funciones del organismo y deben aportarse a trav\u00e9s de la dieta, ya que nuestro organismo no puede sintetizarlos.<\/p>\n<p>Las dietas bajas en estos alimentos son pobres en omega 3 (ALA, SDA, DHA) y omega 6 (LA, GLA), con lo cual requieren mejorar las cantidades adecuadas para asegurar el equilibrio del ratio omega 3\/6.<\/p>\n<p>Estilos de vida poco saludables, dietas desequilibradas o deficiencias micronutricionales, pueden enlentecer la conversi\u00f3n de los \u00e1cidos grasos esenciales a \u00e1cidos grasos bioactivos como SDA, DHA o GLA.<\/p>\n<p>Propiedades de Omega Base de LCN<\/p>\n<p>Omega Base\u00a0es un complemento nutricional que contiene:<\/p>\n<ul>\n<li>Aceite de semillas de\u00a0Buglossoides arvensis L.\u00a0(Ahiflower), la fuente vegetal natural m\u00e1s rica en \u00e1cidos grasos esenciales omega 3 (ALA) y omega 6 (LA) y primeros \u00e1cidos grasos bioactivos (SDA, GLA). Obtenido por presi\u00f3n en fr\u00edo y refinado f\u00edsico.<\/li>\n<li>Aceite de pescado,\u00a0la fuente de \u00e1cidos grasos poliinsaturados de cadena larga omega 3, DHA. Extra\u00eddo mediante el m\u00e9todo de fluidos supercr\u00edticos, que permite una m\u00e1xima concentraci\u00f3n y pureza del DHA. Pesca sostenible.<\/li>\n<li>Tocoferoles\u00a0mixtos naturales,\u00a0que incluye el alfa, beta, gamma y delta tocoferol. La vitamina E contribuye a la protecci\u00f3n de las c\u00e9lulas frente al da\u00f1o oxidativo y ayuda a la estabilidad de todos los aceites presentes en la mezcla.<\/li>\n<\/ul>\n<p>Beneficios de Omega Base de LCN<\/p>\n<p>El beneficio principal de Omega Base de LCN es proporcionar una micronutrici\u00f3n b\u00e1sica. Esto quiere decir que le\u00a0aporta al organismo los nutrientes b\u00e1sicos\u00a0que necesita para su correcto funcionamiento. Estos son de calidad para poder obtener los mayores beneficios de este tipo de complementos.<\/p>\n<p>Advertencias de Omega Base de LCN<\/p>\n<p>Este complemento alimenticio no tiene contraindicaciones, pero s\u00ed una serie de advertencias que deben tenerse en cuenta:<\/p>\n<ul>\n<li>No debe utilizarse como sustituto de una dieta variada y equilibrada.<\/li>\n<li>No superes la dosis diaria recomendada.<\/li>\n<li>Mantenlo fuera del alcance de los ni\u00f1os.<\/li>\n<li>Almac\u00e9nalo en un lugar fresco y seco. Mejor en la nevera en la parte m\u00e1s baja que es menos fr\u00eda.<\/li>\n<\/ul>\n<p>\u00bfC\u00f3mo tomar Omega Base de LCN?<\/p>\n<p>LCN recomienda tomar de\u00a01 a 4 c\u00e1psulas\u00a0blandas al d\u00eda durante las comidas, o la dosis indicada por un profesional.<\/p>\n","protected":false},"featured_media":2081,"comment_status":"open","ping_status":"closed","template":"","meta":[],"product_cat":[66],"product_tag":[],"yoast_head":"<!-- This site is optimized with the Yoast SEO plugin v23.5 - https:\/\/yoast.com\/wordpress\/plugins\/seo\/ -->\n<title>Omega Base LCN 60 c\u00e1psulas - Maite Gonzalez<\/title>\n<meta name=\"robots\" content=\"index, follow, max-snippet:-1, max-image-preview:large, max-video-preview:-1\" \/>\n<link rel=\"canonical\" href=\"https:\/\/maitegonzalez.net\/index.php\/producto\/omega-base-lcn-120-capsulas\/\" \/>\n<meta property=\"og:locale\" content=\"es_ES\" \/>\n<meta property=\"og:type\" content=\"article\" \/>\n<meta property=\"og:title\" content=\"Omega Base LCN 60 c\u00e1psulas - Maite Gonzalez\" \/>\n<meta property=\"og:description\" content=\"Omega Base\u00a0es un complemento alimenticio a base de \u00e1cidos grasos\u00a0omega 3\u00a0y\u00a0omega 6. Contiene\u00a0aceite de semillas de Ahiflower\u00a0(Buglossoides arvensis L.) con m\u00e1s omegas vegetales totales biol\u00f3gicamente avanzados y activos como el \u00e1cido estearid\u00f3nico (SDA) y \u00e1cido \u01b3-linol\u00e9nico (GLA), junto con los esenciales \u00e1cido \u03b1-linol\u00e9nico (ALA) y \u00e1cido linoleico (LA). Tambi\u00e9n contiene aceite de pescado procedente de pesca sostenible y obtenido por fluidos supercr\u00edticos que aporta \u00e1cido docosahexaenoico (DHA), y tocoferoles mixtos naturales como fuente de vitamina E.  Los \u00e1cidos grasos omega 3 y omega 6 son esenciales para las funciones del organismo y deben aportarse a trav\u00e9s de la dieta, ya que nuestro organismo no puede sintetizarlos.  Las dietas bajas en estos alimentos son pobres en omega 3 (ALA, SDA, DHA) y omega 6 (LA, GLA), con lo cual requieren mejorar las cantidades adecuadas para asegurar el equilibrio del ratio omega 3\/6.  Estilos de vida poco saludables, dietas desequilibradas o deficiencias micronutricionales, pueden enlentecer la conversi\u00f3n de los \u00e1cidos grasos esenciales a \u00e1cidos grasos bioactivos como SDA, DHA o GLA.  Propiedades de Omega Base de LCN  Omega Base\u00a0es un complemento nutricional que contiene:   Aceite de semillas de\u00a0Buglossoides arvensis L.\u00a0(Ahiflower), la fuente vegetal natural m\u00e1s rica en \u00e1cidos grasos esenciales omega 3 (ALA) y omega 6 (LA) y primeros \u00e1cidos grasos bioactivos (SDA, GLA). Obtenido por presi\u00f3n en fr\u00edo y refinado f\u00edsico.  Aceite de pescado,\u00a0la fuente de \u00e1cidos grasos poliinsaturados de cadena larga omega 3, DHA. Extra\u00eddo mediante el m\u00e9todo de fluidos supercr\u00edticos, que permite una m\u00e1xima concentraci\u00f3n y pureza del DHA. Pesca sostenible.  Tocoferoles\u00a0mixtos naturales,\u00a0que incluye el alfa, beta, gamma y delta tocoferol. La vitamina E contribuye a la protecci\u00f3n de las c\u00e9lulas frente al da\u00f1o oxidativo y ayuda a la estabilidad de todos los aceites presentes en la mezcla.  Beneficios de Omega Base de LCN  El beneficio principal de Omega Base de LCN es proporcionar una micronutrici\u00f3n b\u00e1sica. Esto quiere decir que le\u00a0aporta al organismo los nutrientes b\u00e1sicos\u00a0que necesita para su correcto funcionamiento. Estos son de calidad para poder obtener los mayores beneficios de este tipo de complementos.  Advertencias de Omega Base de LCN  Este complemento alimenticio no tiene contraindicaciones, pero s\u00ed una serie de advertencias que deben tenerse en cuenta:   No debe utilizarse como sustituto de una dieta variada y equilibrada.  No superes la dosis diaria recomendada.  Mantenlo fuera del alcance de los ni\u00f1os.  Almac\u00e9nalo en un lugar fresco y seco. Mejor en la nevera en la parte m\u00e1s baja que es menos fr\u00eda.  \u00bfC\u00f3mo tomar Omega Base de LCN?  LCN recomienda tomar de\u00a01 a 4 c\u00e1psulas\u00a0blandas al d\u00eda durante las comidas, o la dosis indicada por un profesional.\" \/>\n<meta property=\"og:url\" content=\"https:\/\/maitegonzalez.net\/index.php\/producto\/omega-base-lcn-120-capsulas\/\" \/>\n<meta property=\"og:site_name\" content=\"Maite Gonzalez\" \/>\n<meta property=\"article:modified_time\" content=\"2024-02-06T19:25:20+00:00\" \/>\n<meta property=\"og:image\" content=\"https:\/\/maitegonzalez.net\/wp-content\/uploads\/2024\/02\/Omega-Base-LCN.jpg\" \/>\n\t<meta property=\"og:image:width\" content=\"500\" \/>\n\t<meta property=\"og:image:height\" content=\"500\" \/>\n\t<meta property=\"og:image:type\" content=\"image\/jpeg\" \/>\n<meta name=\"twitter:card\" content=\"summary_large_image\" \/>\n<meta name=\"twitter:label1\" content=\"Tiempo de lectura\" \/>\n\t<meta name=\"twitter:data1\" content=\"1 minuto\" \/>\n<script type=\"application\/ld+json\" class=\"yoast-schema-graph\">{\"@context\":\"https:\/\/schema.org\",\"@graph\":[{\"@type\":\"WebPage\",\"@id\":\"https:\/\/maitegonzalez.net\/index.php\/producto\/omega-base-lcn-120-capsulas\/\",\"url\":\"https:\/\/maitegonzalez.net\/index.php\/producto\/omega-base-lcn-120-capsulas\/\",\"name\":\"Omega Base LCN 60 c\u00e1psulas - Maite Gonzalez\",\"isPartOf\":{\"@id\":\"https:\/\/maitegonzalez.net\/#website\"},\"primaryImageOfPage\":{\"@id\":\"https:\/\/maitegonzalez.net\/index.php\/producto\/omega-base-lcn-120-capsulas\/#primaryimage\"},\"image\":{\"@id\":\"https:\/\/maitegonzalez.net\/index.php\/producto\/omega-base-lcn-120-capsulas\/#primaryimage\"},\"thumbnailUrl\":\"https:\/\/maitegonzalez.net\/wp-content\/uploads\/2024\/02\/Omega-Base-LCN.jpg\",\"datePublished\":\"2024-02-04T23:11:57+00:00\",\"dateModified\":\"2024-02-06T19:25:20+00:00\",\"breadcrumb\":{\"@id\":\"https:\/\/maitegonzalez.net\/index.php\/producto\/omega-base-lcn-120-capsulas\/#breadcrumb\"},\"inLanguage\":\"es\",\"potentialAction\":[{\"@type\":\"ReadAction\",\"target\":[\"https:\/\/maitegonzalez.net\/index.php\/producto\/omega-base-lcn-120-capsulas\/\"]}]},{\"@type\":\"ImageObject\",\"inLanguage\":\"es\",\"@id\":\"https:\/\/maitegonzalez.net\/index.php\/producto\/omega-base-lcn-120-capsulas\/#primaryimage\",\"url\":\"https:\/\/maitegonzalez.net\/wp-content\/uploads\/2024\/02\/Omega-Base-LCN.jpg\",\"contentUrl\":\"https:\/\/maitegonzalez.net\/wp-content\/uploads\/2024\/02\/Omega-Base-LCN.jpg\",\"width\":500,\"height\":500},{\"@type\":\"BreadcrumbList\",\"@id\":\"https:\/\/maitegonzalez.net\/index.php\/producto\/omega-base-lcn-120-capsulas\/#breadcrumb\",\"itemListElement\":[{\"@type\":\"ListItem\",\"position\":1,\"name\":\"Home\",\"item\":\"https:\/\/maitegonzalez.net\/\"},{\"@type\":\"ListItem\",\"position\":2,\"name\":\"Tienda\",\"item\":\"https:\/\/maitegonzalez.net\/index.php\/tienda\/\"},{\"@type\":\"ListItem\",\"position\":3,\"name\":\"Omega Base LCN 60 c\u00e1psulas\"}]},{\"@type\":\"WebSite\",\"@id\":\"https:\/\/maitegonzalez.net\/#website\",\"url\":\"https:\/\/maitegonzalez.net\/\",\"name\":\"Maite Gonzalez\",\"description\":\"Centro de osteopat\u00eda\",\"potentialAction\":[{\"@type\":\"SearchAction\",\"target\":{\"@type\":\"EntryPoint\",\"urlTemplate\":\"https:\/\/maitegonzalez.net\/?s={search_term_string}\"},\"query-input\":{\"@type\":\"PropertyValueSpecification\",\"valueRequired\":true,\"valueName\":\"search_term_string\"}}],\"inLanguage\":\"es\"}]}<\/script>\n<!-- \/ Yoast SEO plugin. -->","yoast_head_json":{"title":"Omega Base LCN 60 c\u00e1psulas - Maite Gonzalez","robots":{"index":"index","follow":"follow","max-snippet":"max-snippet:-1","max-image-preview":"max-image-preview:large","max-video-preview":"max-video-preview:-1"},"canonical":"https:\/\/maitegonzalez.net\/index.php\/producto\/omega-base-lcn-120-capsulas\/","og_locale":"es_ES","og_type":"article","og_title":"Omega Base LCN 60 c\u00e1psulas - Maite Gonzalez","og_description":"Omega Base\u00a0es un complemento alimenticio a base de \u00e1cidos grasos\u00a0omega 3\u00a0y\u00a0omega 6. Contiene\u00a0aceite de semillas de Ahiflower\u00a0(Buglossoides arvensis L.) con m\u00e1s omegas vegetales totales biol\u00f3gicamente avanzados y activos como el \u00e1cido estearid\u00f3nico (SDA) y \u00e1cido \u01b3-linol\u00e9nico (GLA), junto con los esenciales \u00e1cido \u03b1-linol\u00e9nico (ALA) y \u00e1cido linoleico (LA). Tambi\u00e9n contiene aceite de pescado procedente de pesca sostenible y obtenido por fluidos supercr\u00edticos que aporta \u00e1cido docosahexaenoico (DHA), y tocoferoles mixtos naturales como fuente de vitamina E.  Los \u00e1cidos grasos omega 3 y omega 6 son esenciales para las funciones del organismo y deben aportarse a trav\u00e9s de la dieta, ya que nuestro organismo no puede sintetizarlos.  Las dietas bajas en estos alimentos son pobres en omega 3 (ALA, SDA, DHA) y omega 6 (LA, GLA), con lo cual requieren mejorar las cantidades adecuadas para asegurar el equilibrio del ratio omega 3\/6.  Estilos de vida poco saludables, dietas desequilibradas o deficiencias micronutricionales, pueden enlentecer la conversi\u00f3n de los \u00e1cidos grasos esenciales a \u00e1cidos grasos bioactivos como SDA, DHA o GLA.  Propiedades de Omega Base de LCN  Omega Base\u00a0es un complemento nutricional que contiene:   Aceite de semillas de\u00a0Buglossoides arvensis L.\u00a0(Ahiflower), la fuente vegetal natural m\u00e1s rica en \u00e1cidos grasos esenciales omega 3 (ALA) y omega 6 (LA) y primeros \u00e1cidos grasos bioactivos (SDA, GLA). Obtenido por presi\u00f3n en fr\u00edo y refinado f\u00edsico.  Aceite de pescado,\u00a0la fuente de \u00e1cidos grasos poliinsaturados de cadena larga omega 3, DHA. Extra\u00eddo mediante el m\u00e9todo de fluidos supercr\u00edticos, que permite una m\u00e1xima concentraci\u00f3n y pureza del DHA. Pesca sostenible.  Tocoferoles\u00a0mixtos naturales,\u00a0que incluye el alfa, beta, gamma y delta tocoferol. La vitamina E contribuye a la protecci\u00f3n de las c\u00e9lulas frente al da\u00f1o oxidativo y ayuda a la estabilidad de todos los aceites presentes en la mezcla.  Beneficios de Omega Base de LCN  El beneficio principal de Omega Base de LCN es proporcionar una micronutrici\u00f3n b\u00e1sica. Esto quiere decir que le\u00a0aporta al organismo los nutrientes b\u00e1sicos\u00a0que necesita para su correcto funcionamiento. Estos son de calidad para poder obtener los mayores beneficios de este tipo de complementos.  Advertencias de Omega Base de LCN  Este complemento alimenticio no tiene contraindicaciones, pero s\u00ed una serie de advertencias que deben tenerse en cuenta:   No debe utilizarse como sustituto de una dieta variada y equilibrada.  No superes la dosis diaria recomendada.  Mantenlo fuera del alcance de los ni\u00f1os.  Almac\u00e9nalo en un lugar fresco y seco. Mejor en la nevera en la parte m\u00e1s baja que es menos fr\u00eda.  \u00bfC\u00f3mo tomar Omega Base de LCN?  LCN recomienda tomar de\u00a01 a 4 c\u00e1psulas\u00a0blandas al d\u00eda durante las comidas, o la dosis indicada por un profesional.","og_url":"https:\/\/maitegonzalez.net\/index.php\/producto\/omega-base-lcn-120-capsulas\/","og_site_name":"Maite Gonzalez","article_modified_time":"2024-02-06T19:25:20+00:00","og_image":[{"width":500,"height":500,"url":"https:\/\/maitegonzalez.net\/wp-content\/uploads\/2024\/02\/Omega-Base-LCN.jpg","type":"image\/jpeg"}],"twitter_card":"summary_large_image","twitter_misc":{"Tiempo de lectura":"1 minuto"},"schema":{"@context":"https:\/\/schema.org","@graph":[{"@type":"WebPage","@id":"https:\/\/maitegonzalez.net\/index.php\/producto\/omega-base-lcn-120-capsulas\/","url":"https:\/\/maitegonzalez.net\/index.php\/producto\/omega-base-lcn-120-capsulas\/","name":"Omega Base LCN 60 c\u00e1psulas - Maite Gonzalez","isPartOf":{"@id":"https:\/\/maitegonzalez.net\/#website"},"primaryImageOfPage":{"@id":"https:\/\/maitegonzalez.net\/index.php\/producto\/omega-base-lcn-120-capsulas\/#primaryimage"},"image":{"@id":"https:\/\/maitegonzalez.net\/index.php\/producto\/omega-base-lcn-120-capsulas\/#primaryimage"},"thumbnailUrl":"https:\/\/maitegonzalez.net\/wp-content\/uploads\/2024\/02\/Omega-Base-LCN.jpg","datePublished":"2024-02-04T23:11:57+00:00","dateModified":"2024-02-06T19:25:20+00:00","breadcrumb":{"@id":"https:\/\/maitegonzalez.net\/index.php\/producto\/omega-base-lcn-120-capsulas\/#breadcrumb"},"inLanguage":"es","potentialAction":[{"@type":"ReadAction","target":["https:\/\/maitegonzalez.net\/index.php\/producto\/omega-base-lcn-120-capsulas\/"]}]},{"@type":"ImageObject","inLanguage":"es","@id":"https:\/\/maitegonzalez.net\/index.php\/producto\/omega-base-lcn-120-capsulas\/#primaryimage","url":"https:\/\/maitegonzalez.net\/wp-content\/uploads\/2024\/02\/Omega-Base-LCN.jpg","contentUrl":"https:\/\/maitegonzalez.net\/wp-content\/uploads\/2024\/02\/Omega-Base-LCN.jpg","width":500,"height":500},{"@type":"BreadcrumbList","@id":"https:\/\/maitegonzalez.net\/index.php\/producto\/omega-base-lcn-120-capsulas\/#breadcrumb","itemListElement":[{"@type":"ListItem","position":1,"name":"Home","item":"https:\/\/maitegonzalez.net\/"},{"@type":"ListItem","position":2,"name":"Tienda","item":"https:\/\/maitegonzalez.net\/index.php\/tienda\/"},{"@type":"ListItem","position":3,"name":"Omega Base LCN 60 c\u00e1psulas"}]},{"@type":"WebSite","@id":"https:\/\/maitegonzalez.net\/#website","url":"https:\/\/maitegonzalez.net\/","name":"Maite Gonzalez","description":"Centro de osteopat\u00eda","potentialAction":[{"@type":"SearchAction","target":{"@type":"EntryPoint","urlTemplate":"https:\/\/maitegonzalez.net\/?s={search_term_string}"},"query-input":{"@type":"PropertyValueSpecification","valueRequired":true,"valueName":"search_term_string"}}],"inLanguage":"es"}]}},"jetpack_sharing_enabled":true,"_links":{"self":[{"href":"https:\/\/maitegonzalez.net\/index.php\/wp-json\/wp\/v2\/product\/2080"}],"collection":[{"href":"https:\/\/maitegonzalez.net\/index.php\/wp-json\/wp\/v2\/product"}],"about":[{"href":"https:\/\/maitegonzalez.net\/index.php\/wp-json\/wp\/v2\/types\/product"}],"replies":[{"embeddable":true,"href":"https:\/\/maitegonzalez.net\/index.php\/wp-json\/wp\/v2\/comments?post=2080"}],"wp:featuredmedia":[{"embeddable":true,"href":"https:\/\/maitegonzalez.net\/index.php\/wp-json\/wp\/v2\/media\/2081"}],"wp:attachment":[{"href":"https:\/\/maitegonzalez.net\/index.php\/wp-json\/wp\/v2\/media?parent=2080"}],"wp:term":[{"taxonomy":"product_cat","embeddable":true,"href":"https:\/\/maitegonzalez.net\/index.php\/wp-json\/wp\/v2\/product_cat?post=2080"},{"taxonomy":"product_tag","embeddable":true,"href":"https:\/\/maitegonzalez.net\/index.php\/wp-json\/wp\/v2\/product_tag?post=2080"}],"curies":[{"name":"wp","href":"https:\/\/api.w.org\/{rel}","templated":true}]}}