{"id":2070,"date":"2024-01-15T10:50:12","date_gmt":"2024-01-15T10:50:12","guid":{"rendered":"https:\/\/maitegonzalez.net\/?post_type=product&#038;p=2070"},"modified":"2026-01-02T00:04:05","modified_gmt":"2026-01-02T00:04:05","slug":"libro-joven-y-plena-maite-gonzalez","status":"publish","type":"product","link":"https:\/\/maitegonzalez.net\/index.php\/producto\/libro-joven-y-plena-maite-gonzalez\/","title":{"rendered":"LIBRO JOVEN Y PLENA.  MAITE GONZALEZ"},"content":{"rendered":"<p><span class=\"a-text-bold\">Transforma tu salud a t\u00fa medida.<\/span><br \/>\n<span class=\"a-text-bold\">\u00bfAgotada, hinchada, con baja autoestima o muy irritada por todo, no descansas bien, te duele todo el cuerpo y no puedes bajar de peso?<\/span><br \/>\nTe encuentras en un bloqueo metab\u00f3lico en el cual debes de comenzar a ser consciente y a transformar para recuperar t\u00fa salud antes de la aparici\u00f3n de una patolog\u00eda m\u00e1s seria.<br \/>\nCon este libro transforma tu salud y descubre la vitalidad que siempre has deseado, con \u201cla gu\u00eda de 7 herramientas para recuperar t\u00fa vitalidad\u201d. Este libro te guiar\u00e1 a trav\u00e9s de las herramientas pr\u00e1cticas y efectivas para mejorar:<\/p>\n<ul class=\"a-unordered-list a-vertical\">\n<li><span class=\"a-list-item\">La higiene del sue\u00f1o<\/span><\/li>\n<li><span class=\"a-list-item\">Analizar el campo emocional y empoderarte<\/span><\/li>\n<li><span class=\"a-list-item\">Alimentaci\u00f3n consciente Low Carb<\/span><\/li>\n<li><span class=\"a-list-item\">Programas d\u00e9tox<\/span><\/li>\n<li><span class=\"a-list-item\">Adentrarte en el ayuno<\/span><\/li>\n<li><span class=\"a-list-item\">Suplementaciones \u00fatiles<\/span><\/li>\n<li><span class=\"a-list-item\">Deporte m\u00e1s adecuado para empezar.<\/span><\/li>\n<\/ul>\n<p>Prep\u00e1rate para experimentar una transformaci\u00f3n completa y alcanzar un estado de \u00e1nimo \u00f3ptimo de bienestar a t\u00fa medida.<br \/>\nPonte en Marcha.<\/p>\n","protected":false},"excerpt":{"rendered":"<p><span class=\"a-text-bold\">Transforma tu salud a t\u00fa medida.<\/span><br \/>\n<span class=\"a-text-bold\">\u00bfAgotada, hinchada, con baja autoestima o muy irritada por todo, no descansas bien, te duele todo el cuerpo y no puedes bajar de peso?<\/span><br \/>\nTe encuentras en un bloqueo metab\u00f3lico en el cual debes de comenzar a ser consciente y a transformar para recuperar t\u00fa salud antes de la aparici\u00f3n de una patolog\u00eda m\u00e1s seria.<br \/>\nCon este libro transforma tu salud y descubre la vitalidad que siempre has deseado, con \u201cla gu\u00eda de 7 herramientas para recuperar t\u00fa vitalidad\u201d. Este libro te guiar\u00e1 a trav\u00e9s de las herramientas pr\u00e1cticas y efectivas para mejorar:<\/p>\n<ul class=\"a-unordered-list a-vertical\">\n<li><span class=\"a-list-item\">La higiene del sue\u00f1o<\/span><\/li>\n<li><span class=\"a-list-item\">Analizar el campo emocional y empoderarte<\/span><\/li>\n<li><span class=\"a-list-item\">Alimentaci\u00f3n consciente Low Carb<\/span><\/li>\n<li><span class=\"a-list-item\">Programas d\u00e9tox<\/span><\/li>\n<li><span class=\"a-list-item\">Adentrarte en el ayuno<\/span><\/li>\n<li><span class=\"a-list-item\">Suplementaciones \u00fatiles<\/span><\/li>\n<li><span class=\"a-list-item\">Deporte m\u00e1s adecuado para empezar.<\/span><\/li>\n<\/ul>\n<p>Prep\u00e1rate para experimentar una transformaci\u00f3n completa y alcanzar un estado de \u00e1nimo \u00f3ptimo de bienestar a t\u00fa medida.<br \/>\nPonte en Marcha.<\/p>\n","protected":false},"featured_media":2071,"comment_status":"open","ping_status":"closed","template":"","meta":[],"product_cat":[65],"product_tag":[],"yoast_head":"<!-- This site is optimized with the Yoast SEO plugin v23.5 - https:\/\/yoast.com\/wordpress\/plugins\/seo\/ -->\n<title>LIBRO JOVEN Y PLENA. MAITE GONZALEZ - Maite Gonzalez<\/title>\n<meta name=\"robots\" content=\"index, follow, max-snippet:-1, max-image-preview:large, max-video-preview:-1\" \/>\n<link rel=\"canonical\" href=\"https:\/\/maitegonzalez.net\/index.php\/producto\/libro-joven-y-plena-maite-gonzalez\/\" \/>\n<meta property=\"og:locale\" content=\"es_ES\" \/>\n<meta property=\"og:type\" content=\"article\" \/>\n<meta property=\"og:title\" content=\"LIBRO JOVEN Y PLENA. MAITE GONZALEZ - Maite Gonzalez\" \/>\n<meta property=\"og:description\" content=\"Transforma tu salud a t\u00fa medida. \u00bfAgotada, hinchada, con baja autoestima o muy irritada por todo, no descansas bien, te duele todo el cuerpo y no puedes bajar de peso? Te encuentras en un bloqueo metab\u00f3lico en el cual debes de comenzar a ser consciente y a transformar para recuperar t\u00fa salud antes de la aparici\u00f3n de una patolog\u00eda m\u00e1s seria. Con este libro transforma tu salud y descubre la vitalidad que siempre has deseado, con \u201cla gu\u00eda de 7 herramientas para recuperar t\u00fa vitalidad\u201d. Este libro te guiar\u00e1 a trav\u00e9s de las herramientas pr\u00e1cticas y efectivas para mejorar:   La higiene del sue\u00f1o  Analizar el campo emocional y empoderarte  Alimentaci\u00f3n consciente Low Carb  Programas d\u00e9tox  Adentrarte en el ayuno  Suplementaciones \u00fatiles  Deporte m\u00e1s adecuado para empezar.  Prep\u00e1rate para experimentar una transformaci\u00f3n completa y alcanzar un estado de \u00e1nimo \u00f3ptimo de bienestar a t\u00fa medida. Ponte en Marcha.\" \/>\n<meta property=\"og:url\" content=\"https:\/\/maitegonzalez.net\/index.php\/producto\/libro-joven-y-plena-maite-gonzalez\/\" \/>\n<meta property=\"og:site_name\" content=\"Maite Gonzalez\" \/>\n<meta property=\"article:modified_time\" content=\"2026-01-02T00:04:05+00:00\" \/>\n<meta property=\"og:image\" content=\"https:\/\/maitegonzalez.net\/wp-content\/uploads\/2024\/01\/IMAGEN-DEL-LIBRO.jpg\" \/>\n\t<meta property=\"og:image:width\" content=\"647\" \/>\n\t<meta property=\"og:image:height\" content=\"1000\" \/>\n\t<meta property=\"og:image:type\" content=\"image\/jpeg\" \/>\n<meta name=\"twitter:card\" content=\"summary_large_image\" \/>\n<meta name=\"twitter:label1\" content=\"Tiempo de lectura\" \/>\n\t<meta name=\"twitter:data1\" content=\"1 minuto\" \/>\n<script type=\"application\/ld+json\" class=\"yoast-schema-graph\">{\"@context\":\"https:\/\/schema.org\",\"@graph\":[{\"@type\":\"WebPage\",\"@id\":\"https:\/\/maitegonzalez.net\/index.php\/producto\/libro-joven-y-plena-maite-gonzalez\/\",\"url\":\"https:\/\/maitegonzalez.net\/index.php\/producto\/libro-joven-y-plena-maite-gonzalez\/\",\"name\":\"LIBRO JOVEN Y PLENA. MAITE GONZALEZ - Maite Gonzalez\",\"isPartOf\":{\"@id\":\"https:\/\/maitegonzalez.net\/#website\"},\"primaryImageOfPage\":{\"@id\":\"https:\/\/maitegonzalez.net\/index.php\/producto\/libro-joven-y-plena-maite-gonzalez\/#primaryimage\"},\"image\":{\"@id\":\"https:\/\/maitegonzalez.net\/index.php\/producto\/libro-joven-y-plena-maite-gonzalez\/#primaryimage\"},\"thumbnailUrl\":\"https:\/\/maitegonzalez.net\/wp-content\/uploads\/2024\/01\/IMAGEN-DEL-LIBRO.jpg\",\"datePublished\":\"2024-01-15T10:50:12+00:00\",\"dateModified\":\"2026-01-02T00:04:05+00:00\",\"breadcrumb\":{\"@id\":\"https:\/\/maitegonzalez.net\/index.php\/producto\/libro-joven-y-plena-maite-gonzalez\/#breadcrumb\"},\"inLanguage\":\"es\",\"potentialAction\":[{\"@type\":\"ReadAction\",\"target\":[\"https:\/\/maitegonzalez.net\/index.php\/producto\/libro-joven-y-plena-maite-gonzalez\/\"]}]},{\"@type\":\"ImageObject\",\"inLanguage\":\"es\",\"@id\":\"https:\/\/maitegonzalez.net\/index.php\/producto\/libro-joven-y-plena-maite-gonzalez\/#primaryimage\",\"url\":\"https:\/\/maitegonzalez.net\/wp-content\/uploads\/2024\/01\/IMAGEN-DEL-LIBRO.jpg\",\"contentUrl\":\"https:\/\/maitegonzalez.net\/wp-content\/uploads\/2024\/01\/IMAGEN-DEL-LIBRO.jpg\",\"width\":647,\"height\":1000},{\"@type\":\"BreadcrumbList\",\"@id\":\"https:\/\/maitegonzalez.net\/index.php\/producto\/libro-joven-y-plena-maite-gonzalez\/#breadcrumb\",\"itemListElement\":[{\"@type\":\"ListItem\",\"position\":1,\"name\":\"Home\",\"item\":\"https:\/\/maitegonzalez.net\/\"},{\"@type\":\"ListItem\",\"position\":2,\"name\":\"Tienda\",\"item\":\"https:\/\/maitegonzalez.net\/index.php\/tienda\/\"},{\"@type\":\"ListItem\",\"position\":3,\"name\":\"LIBRO JOVEN Y PLENA. MAITE GONZALEZ\"}]},{\"@type\":\"WebSite\",\"@id\":\"https:\/\/maitegonzalez.net\/#website\",\"url\":\"https:\/\/maitegonzalez.net\/\",\"name\":\"Maite Gonzalez\",\"description\":\"Centro de osteopat\u00eda\",\"potentialAction\":[{\"@type\":\"SearchAction\",\"target\":{\"@type\":\"EntryPoint\",\"urlTemplate\":\"https:\/\/maitegonzalez.net\/?s={search_term_string}\"},\"query-input\":{\"@type\":\"PropertyValueSpecification\",\"valueRequired\":true,\"valueName\":\"search_term_string\"}}],\"inLanguage\":\"es\"}]}<\/script>\n<!-- \/ Yoast SEO plugin. -->","yoast_head_json":{"title":"LIBRO JOVEN Y PLENA. MAITE GONZALEZ - Maite Gonzalez","robots":{"index":"index","follow":"follow","max-snippet":"max-snippet:-1","max-image-preview":"max-image-preview:large","max-video-preview":"max-video-preview:-1"},"canonical":"https:\/\/maitegonzalez.net\/index.php\/producto\/libro-joven-y-plena-maite-gonzalez\/","og_locale":"es_ES","og_type":"article","og_title":"LIBRO JOVEN Y PLENA. MAITE GONZALEZ - Maite Gonzalez","og_description":"Transforma tu salud a t\u00fa medida. \u00bfAgotada, hinchada, con baja autoestima o muy irritada por todo, no descansas bien, te duele todo el cuerpo y no puedes bajar de peso? Te encuentras en un bloqueo metab\u00f3lico en el cual debes de comenzar a ser consciente y a transformar para recuperar t\u00fa salud antes de la aparici\u00f3n de una patolog\u00eda m\u00e1s seria. Con este libro transforma tu salud y descubre la vitalidad que siempre has deseado, con \u201cla gu\u00eda de 7 herramientas para recuperar t\u00fa vitalidad\u201d. Este libro te guiar\u00e1 a trav\u00e9s de las herramientas pr\u00e1cticas y efectivas para mejorar:   La higiene del sue\u00f1o  Analizar el campo emocional y empoderarte  Alimentaci\u00f3n consciente Low Carb  Programas d\u00e9tox  Adentrarte en el ayuno  Suplementaciones \u00fatiles  Deporte m\u00e1s adecuado para empezar.  Prep\u00e1rate para experimentar una transformaci\u00f3n completa y alcanzar un estado de \u00e1nimo \u00f3ptimo de bienestar a t\u00fa medida. Ponte en Marcha.","og_url":"https:\/\/maitegonzalez.net\/index.php\/producto\/libro-joven-y-plena-maite-gonzalez\/","og_site_name":"Maite Gonzalez","article_modified_time":"2026-01-02T00:04:05+00:00","og_image":[{"width":647,"height":1000,"url":"https:\/\/maitegonzalez.net\/wp-content\/uploads\/2024\/01\/IMAGEN-DEL-LIBRO.jpg","type":"image\/jpeg"}],"twitter_card":"summary_large_image","twitter_misc":{"Tiempo de lectura":"1 minuto"},"schema":{"@context":"https:\/\/schema.org","@graph":[{"@type":"WebPage","@id":"https:\/\/maitegonzalez.net\/index.php\/producto\/libro-joven-y-plena-maite-gonzalez\/","url":"https:\/\/maitegonzalez.net\/index.php\/producto\/libro-joven-y-plena-maite-gonzalez\/","name":"LIBRO JOVEN Y PLENA. MAITE GONZALEZ - Maite Gonzalez","isPartOf":{"@id":"https:\/\/maitegonzalez.net\/#website"},"primaryImageOfPage":{"@id":"https:\/\/maitegonzalez.net\/index.php\/producto\/libro-joven-y-plena-maite-gonzalez\/#primaryimage"},"image":{"@id":"https:\/\/maitegonzalez.net\/index.php\/producto\/libro-joven-y-plena-maite-gonzalez\/#primaryimage"},"thumbnailUrl":"https:\/\/maitegonzalez.net\/wp-content\/uploads\/2024\/01\/IMAGEN-DEL-LIBRO.jpg","datePublished":"2024-01-15T10:50:12+00:00","dateModified":"2026-01-02T00:04:05+00:00","breadcrumb":{"@id":"https:\/\/maitegonzalez.net\/index.php\/producto\/libro-joven-y-plena-maite-gonzalez\/#breadcrumb"},"inLanguage":"es","potentialAction":[{"@type":"ReadAction","target":["https:\/\/maitegonzalez.net\/index.php\/producto\/libro-joven-y-plena-maite-gonzalez\/"]}]},{"@type":"ImageObject","inLanguage":"es","@id":"https:\/\/maitegonzalez.net\/index.php\/producto\/libro-joven-y-plena-maite-gonzalez\/#primaryimage","url":"https:\/\/maitegonzalez.net\/wp-content\/uploads\/2024\/01\/IMAGEN-DEL-LIBRO.jpg","contentUrl":"https:\/\/maitegonzalez.net\/wp-content\/uploads\/2024\/01\/IMAGEN-DEL-LIBRO.jpg","width":647,"height":1000},{"@type":"BreadcrumbList","@id":"https:\/\/maitegonzalez.net\/index.php\/producto\/libro-joven-y-plena-maite-gonzalez\/#breadcrumb","itemListElement":[{"@type":"ListItem","position":1,"name":"Home","item":"https:\/\/maitegonzalez.net\/"},{"@type":"ListItem","position":2,"name":"Tienda","item":"https:\/\/maitegonzalez.net\/index.php\/tienda\/"},{"@type":"ListItem","position":3,"name":"LIBRO JOVEN Y PLENA. MAITE GONZALEZ"}]},{"@type":"WebSite","@id":"https:\/\/maitegonzalez.net\/#website","url":"https:\/\/maitegonzalez.net\/","name":"Maite Gonzalez","description":"Centro de osteopat\u00eda","potentialAction":[{"@type":"SearchAction","target":{"@type":"EntryPoint","urlTemplate":"https:\/\/maitegonzalez.net\/?s={search_term_string}"},"query-input":{"@type":"PropertyValueSpecification","valueRequired":true,"valueName":"search_term_string"}}],"inLanguage":"es"}]}},"jetpack_sharing_enabled":true,"_links":{"self":[{"href":"https:\/\/maitegonzalez.net\/index.php\/wp-json\/wp\/v2\/product\/2070"}],"collection":[{"href":"https:\/\/maitegonzalez.net\/index.php\/wp-json\/wp\/v2\/product"}],"about":[{"href":"https:\/\/maitegonzalez.net\/index.php\/wp-json\/wp\/v2\/types\/product"}],"replies":[{"embeddable":true,"href":"https:\/\/maitegonzalez.net\/index.php\/wp-json\/wp\/v2\/comments?post=2070"}],"wp:featuredmedia":[{"embeddable":true,"href":"https:\/\/maitegonzalez.net\/index.php\/wp-json\/wp\/v2\/media\/2071"}],"wp:attachment":[{"href":"https:\/\/maitegonzalez.net\/index.php\/wp-json\/wp\/v2\/media?parent=2070"}],"wp:term":[{"taxonomy":"product_cat","embeddable":true,"href":"https:\/\/maitegonzalez.net\/index.php\/wp-json\/wp\/v2\/product_cat?post=2070"},{"taxonomy":"product_tag","embeddable":true,"href":"https:\/\/maitegonzalez.net\/index.php\/wp-json\/wp\/v2\/product_tag?post=2070"}],"curies":[{"name":"wp","href":"https:\/\/api.w.org\/{rel}","templated":true}]}}