{"id":1676,"date":"2020-11-13T14:13:10","date_gmt":"2020-11-13T14:13:10","guid":{"rendered":"https:\/\/maitegonzalez.net\/?post_type=product&#038;p=1676"},"modified":"2022-04-01T11:23:20","modified_gmt":"2022-04-01T11:23:20","slug":"regenhial-hsd-booster","status":"publish","type":"product","link":"https:\/\/maitegonzalez.net\/index.php\/producto\/regenhial-hsd-booster\/","title":{"rendered":"Regenhial H\u00dfD Booster"},"content":{"rendered":"<p>30 ml<\/p>\n<p>Concentrado protector y reparador cut\u00e1neo intensivo que refuerza el sistema de defensa natural de la piel y contribuye a su reparaci\u00f3n.<\/p>\n","protected":false},"excerpt":{"rendered":"<p>30 ml<\/p>\n<p>Concentrado protector y reparador cut\u00e1neo intensivo que refuerza el sistema de defensa natural de la piel y contribuye a su reparaci\u00f3n.<\/p>\n","protected":false},"featured_media":1683,"comment_status":"open","ping_status":"closed","template":"","meta":[],"product_cat":[62,59],"product_tag":[],"yoast_head":"<!-- This site is optimized with the Yoast SEO plugin v23.5 - https:\/\/yoast.com\/wordpress\/plugins\/seo\/ -->\n<title>Regenhial H\u00dfD Booster - Maite Gonzalez<\/title>\n<meta name=\"robots\" content=\"index, follow, max-snippet:-1, max-image-preview:large, max-video-preview:-1\" \/>\n<link rel=\"canonical\" href=\"https:\/\/maitegonzalez.net\/index.php\/producto\/regenhial-hsd-booster\/\" \/>\n<meta property=\"og:locale\" content=\"es_ES\" \/>\n<meta property=\"og:type\" content=\"article\" \/>\n<meta property=\"og:title\" content=\"Regenhial H\u00dfD Booster - Maite Gonzalez\" \/>\n<meta property=\"og:description\" content=\"30 ml  Concentrado protector y reparador cut\u00e1neo intensivo que refuerza el sistema de defensa natural de la piel y contribuye a su reparaci\u00f3n.\" \/>\n<meta property=\"og:url\" content=\"https:\/\/maitegonzalez.net\/index.php\/producto\/regenhial-hsd-booster\/\" \/>\n<meta property=\"og:site_name\" content=\"Maite Gonzalez\" \/>\n<meta property=\"article:modified_time\" content=\"2022-04-01T11:23:20+00:00\" \/>\n<meta property=\"og:image\" content=\"https:\/\/maitegonzalez.net\/wp-content\/uploads\/2020\/11\/REGHENIAL-HBD-BOOSTER.jpg\" \/>\n\t<meta property=\"og:image:width\" content=\"500\" \/>\n\t<meta property=\"og:image:height\" content=\"500\" \/>\n\t<meta property=\"og:image:type\" content=\"image\/jpeg\" \/>\n<meta name=\"twitter:card\" content=\"summary_large_image\" \/>\n<script type=\"application\/ld+json\" class=\"yoast-schema-graph\">{\"@context\":\"https:\/\/schema.org\",\"@graph\":[{\"@type\":\"WebPage\",\"@id\":\"https:\/\/maitegonzalez.net\/index.php\/producto\/regenhial-hsd-booster\/\",\"url\":\"https:\/\/maitegonzalez.net\/index.php\/producto\/regenhial-hsd-booster\/\",\"name\":\"Regenhial H\u00dfD Booster - Maite Gonzalez\",\"isPartOf\":{\"@id\":\"https:\/\/maitegonzalez.net\/#website\"},\"primaryImageOfPage\":{\"@id\":\"https:\/\/maitegonzalez.net\/index.php\/producto\/regenhial-hsd-booster\/#primaryimage\"},\"image\":{\"@id\":\"https:\/\/maitegonzalez.net\/index.php\/producto\/regenhial-hsd-booster\/#primaryimage\"},\"thumbnailUrl\":\"https:\/\/maitegonzalez.net\/wp-content\/uploads\/2020\/11\/REGHENIAL-HBD-BOOSTER.jpg\",\"datePublished\":\"2020-11-13T14:13:10+00:00\",\"dateModified\":\"2022-04-01T11:23:20+00:00\",\"breadcrumb\":{\"@id\":\"https:\/\/maitegonzalez.net\/index.php\/producto\/regenhial-hsd-booster\/#breadcrumb\"},\"inLanguage\":\"es\",\"potentialAction\":[{\"@type\":\"ReadAction\",\"target\":[\"https:\/\/maitegonzalez.net\/index.php\/producto\/regenhial-hsd-booster\/\"]}]},{\"@type\":\"ImageObject\",\"inLanguage\":\"es\",\"@id\":\"https:\/\/maitegonzalez.net\/index.php\/producto\/regenhial-hsd-booster\/#primaryimage\",\"url\":\"https:\/\/maitegonzalez.net\/wp-content\/uploads\/2020\/11\/REGHENIAL-HBD-BOOSTER.jpg\",\"contentUrl\":\"https:\/\/maitegonzalez.net\/wp-content\/uploads\/2020\/11\/REGHENIAL-HBD-BOOSTER.jpg\",\"width\":500,\"height\":500},{\"@type\":\"BreadcrumbList\",\"@id\":\"https:\/\/maitegonzalez.net\/index.php\/producto\/regenhial-hsd-booster\/#breadcrumb\",\"itemListElement\":[{\"@type\":\"ListItem\",\"position\":1,\"name\":\"Home\",\"item\":\"https:\/\/maitegonzalez.net\/\"},{\"@type\":\"ListItem\",\"position\":2,\"name\":\"Tienda\",\"item\":\"https:\/\/maitegonzalez.net\/index.php\/tienda\/\"},{\"@type\":\"ListItem\",\"position\":3,\"name\":\"Regenhial H\u00dfD Booster\"}]},{\"@type\":\"WebSite\",\"@id\":\"https:\/\/maitegonzalez.net\/#website\",\"url\":\"https:\/\/maitegonzalez.net\/\",\"name\":\"Maite Gonzalez\",\"description\":\"Centro de osteopat\u00eda\",\"potentialAction\":[{\"@type\":\"SearchAction\",\"target\":{\"@type\":\"EntryPoint\",\"urlTemplate\":\"https:\/\/maitegonzalez.net\/?s={search_term_string}\"},\"query-input\":{\"@type\":\"PropertyValueSpecification\",\"valueRequired\":true,\"valueName\":\"search_term_string\"}}],\"inLanguage\":\"es\"}]}<\/script>\n<!-- \/ Yoast SEO plugin. -->","yoast_head_json":{"title":"Regenhial H\u00dfD Booster - Maite Gonzalez","robots":{"index":"index","follow":"follow","max-snippet":"max-snippet:-1","max-image-preview":"max-image-preview:large","max-video-preview":"max-video-preview:-1"},"canonical":"https:\/\/maitegonzalez.net\/index.php\/producto\/regenhial-hsd-booster\/","og_locale":"es_ES","og_type":"article","og_title":"Regenhial H\u00dfD Booster - Maite Gonzalez","og_description":"30 ml  Concentrado protector y reparador cut\u00e1neo intensivo que refuerza el sistema de defensa natural de la piel y contribuye a su reparaci\u00f3n.","og_url":"https:\/\/maitegonzalez.net\/index.php\/producto\/regenhial-hsd-booster\/","og_site_name":"Maite Gonzalez","article_modified_time":"2022-04-01T11:23:20+00:00","og_image":[{"width":500,"height":500,"url":"https:\/\/maitegonzalez.net\/wp-content\/uploads\/2020\/11\/REGHENIAL-HBD-BOOSTER.jpg","type":"image\/jpeg"}],"twitter_card":"summary_large_image","schema":{"@context":"https:\/\/schema.org","@graph":[{"@type":"WebPage","@id":"https:\/\/maitegonzalez.net\/index.php\/producto\/regenhial-hsd-booster\/","url":"https:\/\/maitegonzalez.net\/index.php\/producto\/regenhial-hsd-booster\/","name":"Regenhial H\u00dfD Booster - Maite Gonzalez","isPartOf":{"@id":"https:\/\/maitegonzalez.net\/#website"},"primaryImageOfPage":{"@id":"https:\/\/maitegonzalez.net\/index.php\/producto\/regenhial-hsd-booster\/#primaryimage"},"image":{"@id":"https:\/\/maitegonzalez.net\/index.php\/producto\/regenhial-hsd-booster\/#primaryimage"},"thumbnailUrl":"https:\/\/maitegonzalez.net\/wp-content\/uploads\/2020\/11\/REGHENIAL-HBD-BOOSTER.jpg","datePublished":"2020-11-13T14:13:10+00:00","dateModified":"2022-04-01T11:23:20+00:00","breadcrumb":{"@id":"https:\/\/maitegonzalez.net\/index.php\/producto\/regenhial-hsd-booster\/#breadcrumb"},"inLanguage":"es","potentialAction":[{"@type":"ReadAction","target":["https:\/\/maitegonzalez.net\/index.php\/producto\/regenhial-hsd-booster\/"]}]},{"@type":"ImageObject","inLanguage":"es","@id":"https:\/\/maitegonzalez.net\/index.php\/producto\/regenhial-hsd-booster\/#primaryimage","url":"https:\/\/maitegonzalez.net\/wp-content\/uploads\/2020\/11\/REGHENIAL-HBD-BOOSTER.jpg","contentUrl":"https:\/\/maitegonzalez.net\/wp-content\/uploads\/2020\/11\/REGHENIAL-HBD-BOOSTER.jpg","width":500,"height":500},{"@type":"BreadcrumbList","@id":"https:\/\/maitegonzalez.net\/index.php\/producto\/regenhial-hsd-booster\/#breadcrumb","itemListElement":[{"@type":"ListItem","position":1,"name":"Home","item":"https:\/\/maitegonzalez.net\/"},{"@type":"ListItem","position":2,"name":"Tienda","item":"https:\/\/maitegonzalez.net\/index.php\/tienda\/"},{"@type":"ListItem","position":3,"name":"Regenhial H\u00dfD Booster"}]},{"@type":"WebSite","@id":"https:\/\/maitegonzalez.net\/#website","url":"https:\/\/maitegonzalez.net\/","name":"Maite Gonzalez","description":"Centro de osteopat\u00eda","potentialAction":[{"@type":"SearchAction","target":{"@type":"EntryPoint","urlTemplate":"https:\/\/maitegonzalez.net\/?s={search_term_string}"},"query-input":{"@type":"PropertyValueSpecification","valueRequired":true,"valueName":"search_term_string"}}],"inLanguage":"es"}]}},"jetpack_sharing_enabled":true,"_links":{"self":[{"href":"https:\/\/maitegonzalez.net\/index.php\/wp-json\/wp\/v2\/product\/1676"}],"collection":[{"href":"https:\/\/maitegonzalez.net\/index.php\/wp-json\/wp\/v2\/product"}],"about":[{"href":"https:\/\/maitegonzalez.net\/index.php\/wp-json\/wp\/v2\/types\/product"}],"replies":[{"embeddable":true,"href":"https:\/\/maitegonzalez.net\/index.php\/wp-json\/wp\/v2\/comments?post=1676"}],"wp:featuredmedia":[{"embeddable":true,"href":"https:\/\/maitegonzalez.net\/index.php\/wp-json\/wp\/v2\/media\/1683"}],"wp:attachment":[{"href":"https:\/\/maitegonzalez.net\/index.php\/wp-json\/wp\/v2\/media?parent=1676"}],"wp:term":[{"taxonomy":"product_cat","embeddable":true,"href":"https:\/\/maitegonzalez.net\/index.php\/wp-json\/wp\/v2\/product_cat?post=1676"},{"taxonomy":"product_tag","embeddable":true,"href":"https:\/\/maitegonzalez.net\/index.php\/wp-json\/wp\/v2\/product_tag?post=1676"}],"curies":[{"name":"wp","href":"https:\/\/api.w.org\/{rel}","templated":true}]}}