{"id":1653,"date":"2020-11-13T13:18:40","date_gmt":"2020-11-13T13:18:40","guid":{"rendered":"https:\/\/maitegonzalez.net\/?post_type=product&#038;p=1653"},"modified":"2022-04-01T11:23:21","modified_gmt":"2022-04-01T11:23:21","slug":"female-multiple-60-cap","status":"publish","type":"product","link":"https:\/\/maitegonzalez.net\/index.php\/producto\/female-multiple-60-cap\/","title":{"rendered":"Female M\u00faltiple 60 C\u00e1p"},"content":{"rendered":"<p>Comprimidos 60<\/p>\n<ul>\n<li>Combinaci\u00f3n equilibrada de vitaminas y minerales para la mujer<\/li>\n<li>F\u00f3rmula que contiene 27 nutrientes<\/li>\n<li>Con hierro, vitamina D, vitamina K, zinc y \u00e1cido pantot\u00e9nico<\/li>\n<li>Apto para veganos y vegetarianos<\/li>\n<\/ul>\n<p>3\/d\u00eda &#8211; Vegetarianos, Veganos, Sin gluten, Sin l\u00e1cteos<\/p>\n","protected":false},"excerpt":{"rendered":"<p>Comprimidos 60<\/p>\n<ul>\n<li>Combinaci\u00f3n equilibrada de vitaminas y minerales para la mujer<\/li>\n<li>F\u00f3rmula que contiene 27 nutrientes<\/li>\n<li>Con hierro, vitamina D, vitamina K, zinc y \u00e1cido pantot\u00e9nico<\/li>\n<li>Apto para veganos y vegetarianos<\/li>\n<\/ul>\n<p>3\/d\u00eda &#8211; Vegetarianos, Veganos, Sin gluten, Sin l\u00e1cteos<\/p>\n","protected":false},"featured_media":1665,"comment_status":"open","ping_status":"closed","template":"","meta":[],"product_cat":[62,58],"product_tag":[],"yoast_head":"<!-- This site is optimized with the Yoast SEO plugin v23.5 - https:\/\/yoast.com\/wordpress\/plugins\/seo\/ -->\n<title>Female M\u00faltiple 60 C\u00e1p - Maite Gonzalez<\/title>\n<meta name=\"robots\" content=\"index, follow, max-snippet:-1, max-image-preview:large, max-video-preview:-1\" \/>\n<link rel=\"canonical\" href=\"https:\/\/maitegonzalez.net\/index.php\/producto\/female-multiple-60-cap\/\" \/>\n<meta property=\"og:locale\" content=\"es_ES\" \/>\n<meta property=\"og:type\" content=\"article\" \/>\n<meta property=\"og:title\" content=\"Female M\u00faltiple 60 C\u00e1p - Maite Gonzalez\" \/>\n<meta property=\"og:description\" content=\"Comprimidos 60   Combinaci\u00f3n equilibrada de vitaminas y minerales para la mujer  F\u00f3rmula que contiene 27 nutrientes  Con hierro, vitamina D, vitamina K, zinc y \u00e1cido pantot\u00e9nico  Apto para veganos y vegetarianos  3\/d\u00eda - Vegetarianos, Veganos, Sin gluten, Sin l\u00e1cteos\" \/>\n<meta property=\"og:url\" content=\"https:\/\/maitegonzalez.net\/index.php\/producto\/female-multiple-60-cap\/\" \/>\n<meta property=\"og:site_name\" content=\"Maite Gonzalez\" \/>\n<meta property=\"article:modified_time\" content=\"2022-04-01T11:23:21+00:00\" \/>\n<meta property=\"og:image\" content=\"https:\/\/maitegonzalez.net\/wp-content\/uploads\/2020\/11\/FEMALE-MULTIPLE-60.jpg\" \/>\n\t<meta property=\"og:image:width\" content=\"500\" \/>\n\t<meta property=\"og:image:height\" content=\"500\" \/>\n\t<meta property=\"og:image:type\" content=\"image\/jpeg\" \/>\n<meta name=\"twitter:card\" content=\"summary_large_image\" \/>\n<script type=\"application\/ld+json\" class=\"yoast-schema-graph\">{\"@context\":\"https:\/\/schema.org\",\"@graph\":[{\"@type\":\"WebPage\",\"@id\":\"https:\/\/maitegonzalez.net\/index.php\/producto\/female-multiple-60-cap\/\",\"url\":\"https:\/\/maitegonzalez.net\/index.php\/producto\/female-multiple-60-cap\/\",\"name\":\"Female M\u00faltiple 60 C\u00e1p - Maite Gonzalez\",\"isPartOf\":{\"@id\":\"https:\/\/maitegonzalez.net\/#website\"},\"primaryImageOfPage\":{\"@id\":\"https:\/\/maitegonzalez.net\/index.php\/producto\/female-multiple-60-cap\/#primaryimage\"},\"image\":{\"@id\":\"https:\/\/maitegonzalez.net\/index.php\/producto\/female-multiple-60-cap\/#primaryimage\"},\"thumbnailUrl\":\"https:\/\/maitegonzalez.net\/wp-content\/uploads\/2020\/11\/FEMALE-MULTIPLE-60.jpg\",\"datePublished\":\"2020-11-13T13:18:40+00:00\",\"dateModified\":\"2022-04-01T11:23:21+00:00\",\"breadcrumb\":{\"@id\":\"https:\/\/maitegonzalez.net\/index.php\/producto\/female-multiple-60-cap\/#breadcrumb\"},\"inLanguage\":\"es\",\"potentialAction\":[{\"@type\":\"ReadAction\",\"target\":[\"https:\/\/maitegonzalez.net\/index.php\/producto\/female-multiple-60-cap\/\"]}]},{\"@type\":\"ImageObject\",\"inLanguage\":\"es\",\"@id\":\"https:\/\/maitegonzalez.net\/index.php\/producto\/female-multiple-60-cap\/#primaryimage\",\"url\":\"https:\/\/maitegonzalez.net\/wp-content\/uploads\/2020\/11\/FEMALE-MULTIPLE-60.jpg\",\"contentUrl\":\"https:\/\/maitegonzalez.net\/wp-content\/uploads\/2020\/11\/FEMALE-MULTIPLE-60.jpg\",\"width\":500,\"height\":500},{\"@type\":\"BreadcrumbList\",\"@id\":\"https:\/\/maitegonzalez.net\/index.php\/producto\/female-multiple-60-cap\/#breadcrumb\",\"itemListElement\":[{\"@type\":\"ListItem\",\"position\":1,\"name\":\"Home\",\"item\":\"https:\/\/maitegonzalez.net\/\"},{\"@type\":\"ListItem\",\"position\":2,\"name\":\"Tienda\",\"item\":\"https:\/\/maitegonzalez.net\/index.php\/tienda\/\"},{\"@type\":\"ListItem\",\"position\":3,\"name\":\"Female M\u00faltiple 60 C\u00e1p\"}]},{\"@type\":\"WebSite\",\"@id\":\"https:\/\/maitegonzalez.net\/#website\",\"url\":\"https:\/\/maitegonzalez.net\/\",\"name\":\"Maite Gonzalez\",\"description\":\"Centro de osteopat\u00eda\",\"potentialAction\":[{\"@type\":\"SearchAction\",\"target\":{\"@type\":\"EntryPoint\",\"urlTemplate\":\"https:\/\/maitegonzalez.net\/?s={search_term_string}\"},\"query-input\":{\"@type\":\"PropertyValueSpecification\",\"valueRequired\":true,\"valueName\":\"search_term_string\"}}],\"inLanguage\":\"es\"}]}<\/script>\n<!-- \/ Yoast SEO plugin. -->","yoast_head_json":{"title":"Female M\u00faltiple 60 C\u00e1p - Maite Gonzalez","robots":{"index":"index","follow":"follow","max-snippet":"max-snippet:-1","max-image-preview":"max-image-preview:large","max-video-preview":"max-video-preview:-1"},"canonical":"https:\/\/maitegonzalez.net\/index.php\/producto\/female-multiple-60-cap\/","og_locale":"es_ES","og_type":"article","og_title":"Female M\u00faltiple 60 C\u00e1p - Maite Gonzalez","og_description":"Comprimidos 60   Combinaci\u00f3n equilibrada de vitaminas y minerales para la mujer  F\u00f3rmula que contiene 27 nutrientes  Con hierro, vitamina D, vitamina K, zinc y \u00e1cido pantot\u00e9nico  Apto para veganos y vegetarianos  3\/d\u00eda - Vegetarianos, Veganos, Sin gluten, Sin l\u00e1cteos","og_url":"https:\/\/maitegonzalez.net\/index.php\/producto\/female-multiple-60-cap\/","og_site_name":"Maite Gonzalez","article_modified_time":"2022-04-01T11:23:21+00:00","og_image":[{"width":500,"height":500,"url":"https:\/\/maitegonzalez.net\/wp-content\/uploads\/2020\/11\/FEMALE-MULTIPLE-60.jpg","type":"image\/jpeg"}],"twitter_card":"summary_large_image","schema":{"@context":"https:\/\/schema.org","@graph":[{"@type":"WebPage","@id":"https:\/\/maitegonzalez.net\/index.php\/producto\/female-multiple-60-cap\/","url":"https:\/\/maitegonzalez.net\/index.php\/producto\/female-multiple-60-cap\/","name":"Female M\u00faltiple 60 C\u00e1p - Maite Gonzalez","isPartOf":{"@id":"https:\/\/maitegonzalez.net\/#website"},"primaryImageOfPage":{"@id":"https:\/\/maitegonzalez.net\/index.php\/producto\/female-multiple-60-cap\/#primaryimage"},"image":{"@id":"https:\/\/maitegonzalez.net\/index.php\/producto\/female-multiple-60-cap\/#primaryimage"},"thumbnailUrl":"https:\/\/maitegonzalez.net\/wp-content\/uploads\/2020\/11\/FEMALE-MULTIPLE-60.jpg","datePublished":"2020-11-13T13:18:40+00:00","dateModified":"2022-04-01T11:23:21+00:00","breadcrumb":{"@id":"https:\/\/maitegonzalez.net\/index.php\/producto\/female-multiple-60-cap\/#breadcrumb"},"inLanguage":"es","potentialAction":[{"@type":"ReadAction","target":["https:\/\/maitegonzalez.net\/index.php\/producto\/female-multiple-60-cap\/"]}]},{"@type":"ImageObject","inLanguage":"es","@id":"https:\/\/maitegonzalez.net\/index.php\/producto\/female-multiple-60-cap\/#primaryimage","url":"https:\/\/maitegonzalez.net\/wp-content\/uploads\/2020\/11\/FEMALE-MULTIPLE-60.jpg","contentUrl":"https:\/\/maitegonzalez.net\/wp-content\/uploads\/2020\/11\/FEMALE-MULTIPLE-60.jpg","width":500,"height":500},{"@type":"BreadcrumbList","@id":"https:\/\/maitegonzalez.net\/index.php\/producto\/female-multiple-60-cap\/#breadcrumb","itemListElement":[{"@type":"ListItem","position":1,"name":"Home","item":"https:\/\/maitegonzalez.net\/"},{"@type":"ListItem","position":2,"name":"Tienda","item":"https:\/\/maitegonzalez.net\/index.php\/tienda\/"},{"@type":"ListItem","position":3,"name":"Female M\u00faltiple 60 C\u00e1p"}]},{"@type":"WebSite","@id":"https:\/\/maitegonzalez.net\/#website","url":"https:\/\/maitegonzalez.net\/","name":"Maite Gonzalez","description":"Centro de osteopat\u00eda","potentialAction":[{"@type":"SearchAction","target":{"@type":"EntryPoint","urlTemplate":"https:\/\/maitegonzalez.net\/?s={search_term_string}"},"query-input":{"@type":"PropertyValueSpecification","valueRequired":true,"valueName":"search_term_string"}}],"inLanguage":"es"}]}},"jetpack_sharing_enabled":true,"_links":{"self":[{"href":"https:\/\/maitegonzalez.net\/index.php\/wp-json\/wp\/v2\/product\/1653"}],"collection":[{"href":"https:\/\/maitegonzalez.net\/index.php\/wp-json\/wp\/v2\/product"}],"about":[{"href":"https:\/\/maitegonzalez.net\/index.php\/wp-json\/wp\/v2\/types\/product"}],"replies":[{"embeddable":true,"href":"https:\/\/maitegonzalez.net\/index.php\/wp-json\/wp\/v2\/comments?post=1653"}],"wp:featuredmedia":[{"embeddable":true,"href":"https:\/\/maitegonzalez.net\/index.php\/wp-json\/wp\/v2\/media\/1665"}],"wp:attachment":[{"href":"https:\/\/maitegonzalez.net\/index.php\/wp-json\/wp\/v2\/media?parent=1653"}],"wp:term":[{"taxonomy":"product_cat","embeddable":true,"href":"https:\/\/maitegonzalez.net\/index.php\/wp-json\/wp\/v2\/product_cat?post=1653"},{"taxonomy":"product_tag","embeddable":true,"href":"https:\/\/maitegonzalez.net\/index.php\/wp-json\/wp\/v2\/product_tag?post=1653"}],"curies":[{"name":"wp","href":"https:\/\/api.w.org\/{rel}","templated":true}]}}